{"id":53,"date":"2018-03-05T10:45:52","date_gmt":"2018-03-05T09:45:52","guid":{"rendered":"http:\/\/srs-certification.de\/?page_id=53"},"modified":"2026-02-24T12:04:25","modified_gmt":"2026-02-24T11:04:25","slug":"su-cong-nhan","status":"publish","type":"page","link":"https:\/\/srs-certification.com\/vi\/su-cong-nhan\/","title":{"rendered":"Ch\u1ee9ng nh\u1eadn"},"content":{"rendered":"<h1 class=\"wp-block-heading\">Ch\u1ee9ng nh\u1eadn<\/h1>\n\n\n\n<p class=\"has-black-color has-text-color\">SRS Certification GmbH is currently accredited by DAkkS under ISO\/IEC 17065:2012 for organic product certification.<\/p>\n\n\n\n<p class=\"has-black-color has-text-color has-link-color wp-elements-4eb8934a39c1ad91afc0b06baf428d88\">SRS Certification GmbH has been accredited by DAkkS for certification against Regulation (EU) 2018\/848 for certification of operators in third countries. Furthermore, we have been recognised by the EU Commission as competent to carry out controls and issue organic certificates in third countries for the purpose of imports of organic products into the European Union. The list of countries and categories we are recognised for is published on the last two pages of <mark style=\"background-color:rgba(0, 0, 0, 0)\" class=\"has-inline-color has-black-color\"><a href=\"https:\/\/eur-lex.europa.eu\/legal-content\/EN\/TXT\/PDF\/?uri=OJ:L_202402794&amp;qid=1730967041114\" target=\"_blank\" rel=\"noreferrer noopener\">Regulation<\/a><\/mark><a href=\"https:\/\/eur-lex.europa.eu\/legal-content\/EN\/TXT\/HTML\/?uri=OJ:L_202402794&amp;qid=1730967041114\" target=\"_blank\" rel=\"noreferrer noopener\"> (EU) <\/a><a href=\"https:\/\/eur-lex.europa.eu\/legal-content\/EN\/TXT\/PDF\/?uri=OJ:L_202402794&amp;qid=1730967041114\" target=\"_blank\" rel=\"noreferrer noopener\">No<\/a><a href=\"https:\/\/eur-lex.europa.eu\/legal-content\/EN\/TXT\/HTML\/?uri=OJ:L_202402794&amp;qid=1730967041114\" target=\"_blank\" rel=\"noreferrer noopener\"> 2024\/2794<\/a>. See the <a href=\"https:\/\/srs-certification.com\/wp-content\/uploads\/2024\/11\/Extract-S14-Pol3.2-EU-Annex-I-Products-2024-02-05.pdf\">linked table<\/a> for products listed in Annex 1 of Regulation (EU) 2018\/848, for which we accept applications for certification.<\/p>\n\n\n\n<p>SRS Certification GmbH c\u0169ng \u0111\u01b0\u1ee3c c\u00f4ng nh\u1eadn b\u1edfi DAkkS v\u00e0 <a href=\"https:\/\/assets.publishing.service.gov.uk\/media\/694972281a2e540ccd8a54a5\/Organics_Recognised_non_UK_control_bodies_and_authorities_December_2025.ods\">\u0111\u01b0\u1ee3c c\u00f4ng nh\u1eadn b\u1edfi DEFRA<\/a> (B\u1ed9 M\u00f4i tr\u01b0\u1eddng, Th\u1ef1c ph\u1ea9m v\u00e0 N\u00f4ng th\u00f4n) \u0111\u1ec3 xu\u1ea5t kh\u1ea9u sang V\u01b0\u01a1ng qu\u1ed1c Anh.<\/p>\n\n\n\n<p class=\"has-ast-global-color-8-color has-text-color\">SRS Certification GmbH hi\u1ec7n \u0111\u01b0\u1ee3c B\u1ed9 N\u00f4ng nghi\u1ec7p Hoa K\u1ef3 c\u00f4ng nh\u1eadn v\u1ec1 ch\u1ee9ng nh\u1eadn c\u00e1c s\u1ea3n ph\u1ea9m h\u1eefu c\u01a1 c\u00f3 ngu\u1ed3n g\u1ed1c th\u1ef1c v\u1eadt v\u00e0 quy tr\u00ecnh ch\u1ebf bi\u1ebfn.  <a rel=\"noreferrer noopener\" href=\"https:\/\/organic.ams.usda.gov\/integrity\/\" target=\"_blank\">Ch\u01b0\u01a1ng tr\u00ecnh h\u1eefu c\u01a1 qu\u1ed1c gia NOP\/USDA 7 CFR Ph\u1ea7n 205<\/a>.<\/p>\n\n\n\n<p class=\"has-black-color has-text-color\">Ch\u00fang t\u00f4i \u0111\u01b0\u1ee3c B\u1ed9 N\u00f4ng nghi\u1ec7p, L\u00e2m nghi\u1ec7p v\u00e0 Th\u1ee7y s\u1ea3n Nh\u1eadt B\u1ea3n c\u00f4ng nh\u1eadn ch\u1ee9ng nh\u1eadn JAS h\u1eefu c\u01a1 cho c\u00e1c s\u1ea3n ph\u1ea9m h\u1eefu c\u01a1 c\u00f3 ngu\u1ed3n g\u1ed1c th\u1ef1c v\u1eadt, th\u1ef1c ph\u1ea9m ch\u1ebf bi\u1ebfn h\u1eefu c\u01a1, th\u1ee9c \u0103n h\u1eefu c\u01a1 v\u00e0 c\u00e1c s\u1ea3n ph\u1ea9m ch\u0103n nu\u00f4i h\u1eefu c\u01a1. B\u1ea1n s\u1ebd t\u00ecm th\u1ea5y SRS \u0111\u01b0\u1ee3c li\u1ec7t k\u00ea tr\u00ean&nbsp;<mark style=\"background-color:rgba(0, 0, 0, 0)\" class=\"has-inline-color has-black-color\"><a href=\"https:\/\/www.maff.go.jp\/e\/policies\/standard\/specific\/attach\/pdf\/organic_JAS-69.pdf\" data-type=\"URL\" data-id=\"https:\/\/www.maff.go.jp\/e\/policies\/standard\/specific\/Organic_CB_overseas.pdf\" target=\"_blank\" rel=\"noreferrer noopener\">MAFF<\/a><\/mark>&nbsp;website (C\u01a1 quan ch\u1ee9ng nh\u1eadn s\u1ed1 32).<\/p>\n\n\n\n<h4 class=\"wp-block-heading has-text-align-center has-ast-global-color-8-color has-text-color\" id=\"dakks\"><strong>Ch\u1ee9ng nh\u1eadn DAkkS<\/strong><\/h4>\n\n\n\n<div class=\"wp-block-columns is-layout-flex wp-container-core-columns-is-layout-28f84493 wp-block-columns-is-layout-flex\">\n<div class=\"wp-block-column is-layout-flow wp-block-column-is-layout-flow\">\n<figure class=\"wp-block-image size-large\"><img decoding=\"async\" src=\"https:\/\/srs-certification.com\/wp-content\/uploads\/2026\/02\/DAkkS-Certificate202511en-page1of1-scaled.jpg\" alt=\"\"\/><\/figure>\n<\/div>\n<\/div>\n\n\n\n<div class=\"wp-block-columns is-layout-flex wp-container-core-columns-is-layout-28f84493 wp-block-columns-is-layout-flex\">\n<div class=\"wp-block-column is-layout-flow wp-block-column-is-layout-flow\">\n<figure class=\"wp-block-image size-large\"><img decoding=\"async\" src=\"https:\/\/srs-certification.com\/wp-content\/uploads\/2026\/02\/DAkkS-Annex-202511en-page1of2-scaled.jpg\" alt=\"\"\/><\/figure>\n<\/div>\n\n\n\n<div class=\"wp-block-column is-layout-flow wp-block-column-is-layout-flow\">\n<figure class=\"wp-block-image size-large\"><img decoding=\"async\" src=\"https:\/\/srs-certification.com\/wp-content\/uploads\/2026\/02\/DAkkS-Annex-202511en-page2of2-scaled.jpg\" alt=\"\"\/><\/figure>\n<\/div>\n<\/div>\n\n\n<div class=\"gb-container gb-container-8093dcae\">\n<div class=\"gb-container gb-container-4e855d49\">\n\n<div class=\"wp-block-media-text alignwide is-stacked-on-mobile\"><figure class=\"wp-block-media-text__media\"><img loading=\"lazy\" decoding=\"async\" width=\"768\" height=\"1024\" src=\"https:\/\/srs-certification.com\/wp-content\/uploads\/2024\/12\/Accreditation-certificate-2023-MAFF-\u767b\u9332\u66f4\u65b0\u901a\u77e5\uff08SRS\uff09to-20270820-with-English-768x1024.jpg\" alt=\"\" class=\"wp-image-4676 size-full\" srcset=\"https:\/\/srs-certification.com\/wp-content\/uploads\/2024\/12\/Accreditation-certificate-2023-MAFF-\u767b\u9332\u66f4\u65b0\u901a\u77e5\uff08SRS\uff09to-20270820-with-English-768x1024.jpg 768w, https:\/\/srs-certification.com\/wp-content\/uploads\/2024\/12\/Accreditation-certificate-2023-MAFF-\u767b\u9332\u66f4\u65b0\u901a\u77e5\uff08SRS\uff09to-20270820-with-English-225x300.jpg 225w, https:\/\/srs-certification.com\/wp-content\/uploads\/2024\/12\/Accreditation-certificate-2023-MAFF-\u767b\u9332\u66f4\u65b0\u901a\u77e5\uff08SRS\uff09to-20270820-with-English-113x150.jpg 113w, https:\/\/srs-certification.com\/wp-content\/uploads\/2024\/12\/Accreditation-certificate-2023-MAFF-\u767b\u9332\u66f4\u65b0\u901a\u77e5\uff08SRS\uff09to-20270820-with-English-1152x1536.jpg 1152w, https:\/\/srs-certification.com\/wp-content\/uploads\/2024\/12\/Accreditation-certificate-2023-MAFF-\u767b\u9332\u66f4\u65b0\u901a\u77e5\uff08SRS\uff09to-20270820-with-English-9x12.jpg 9w, https:\/\/srs-certification.com\/wp-content\/uploads\/2024\/12\/Accreditation-certificate-2023-MAFF-\u767b\u9332\u66f4\u65b0\u901a\u77e5\uff08SRS\uff09to-20270820-with-English.jpg 1371w\" sizes=\"auto, (max-width: 768px) 100vw, 768px\" \/><\/figure><div class=\"wp-block-media-text__content\">\n<h4 class=\"wp-block-heading has-text-align-left has-ast-global-color-8-color has-text-color\"><strong>MAFF Accreditation Certificate 2023<\/strong><\/h4>\n<\/div><\/div>\n\n<\/div>\n<\/div>\n\n\n<div class=\"wp-block-columns alignwide is-layout-flex wp-container-core-columns-is-layout-28f84493 wp-block-columns-is-layout-flex\">\n<div class=\"wp-block-column is-layout-flow wp-block-column-is-layout-flow\" style=\"flex-basis:46%\">\n<div class=\"wp-block-columns is-layout-flex wp-container-core-columns-is-layout-28f84493 wp-block-columns-is-layout-flex\">\n<div class=\"wp-block-column is-layout-flow wp-block-column-is-layout-flow\" style=\"flex-basis:100%\">\n<figure class=\"wp-block-image alignright size-large\"><img loading=\"lazy\" decoding=\"async\" width=\"1024\" height=\"791\" src=\"https:\/\/srs-certification.com\/wp-content\/uploads\/2024\/11\/SRS-NOP-Certificate-06262023-1024x791.jpg\" alt=\"\" class=\"wp-image-4623\" srcset=\"https:\/\/srs-certification.com\/wp-content\/uploads\/2024\/11\/SRS-NOP-Certificate-06262023-1024x791.jpg 1024w, https:\/\/srs-certification.com\/wp-content\/uploads\/2024\/11\/SRS-NOP-Certificate-06262023-300x232.jpg 300w, https:\/\/srs-certification.com\/wp-content\/uploads\/2024\/11\/SRS-NOP-Certificate-06262023-150x116.jpg 150w, https:\/\/srs-certification.com\/wp-content\/uploads\/2024\/11\/SRS-NOP-Certificate-06262023-768x593.jpg 768w, https:\/\/srs-certification.com\/wp-content\/uploads\/2024\/11\/SRS-NOP-Certificate-06262023-1536x1187.jpg 1536w, https:\/\/srs-certification.com\/wp-content\/uploads\/2024\/11\/SRS-NOP-Certificate-06262023-16x12.jpg 16w, https:\/\/srs-certification.com\/wp-content\/uploads\/2024\/11\/SRS-NOP-Certificate-06262023.jpg 2011w\" sizes=\"auto, (max-width: 1024px) 100vw, 1024px\" \/><\/figure>\n<\/div>\n<\/div>\n<\/div>\n\n\n\n<div class=\"wp-block-column is-vertically-aligned-center is-layout-flow wp-block-column-is-layout-flow\" style=\"flex-basis:54%\">\n<h4 class=\"wp-block-heading\" id=\"block-69541ad5-25f6-41c9-9e65-3e1a674949b0\"><strong>NOP\/USDA<br><a href=\"https:\/\/www.ams.usda.gov\/sites\/default\/files\/media\/NOP%20SRS.pdf\" target=\"_blank\" rel=\"noreferrer noopener\">Ch\u01b0\u01a1ng tr\u00ecnh h\u1eefu c\u01a1 qu\u1ed1c gia<\/a> 7 CFR Ph\u1ea7n 205<\/strong><\/h4>\n<\/div>\n<\/div>\n\n\n\n<p><\/p>\n\n\n\n<p><\/p>","protected":false},"excerpt":{"rendered":"<p>Ch\u1ee9ng nh\u1eadn SRS Certification GmbH hi\u1ec7n \u0111ang \u0111\u01b0\u1ee3c DAkkS c\u00f4ng nh\u1eadn theo ISO\/IEC 17065:2012 v\u1ec1 ch\u1ee9ng nh\u1eadn s\u1ea3n ph\u1ea9m h\u1eefu c\u01a1. SRS Certification GmbH \u0111\u00e3 \u0111\u01b0\u1ee3c DAkkS c\u00f4ng nh\u1eadn v\u1ec1 ch\u1ee9ng nh\u1eadn theo Quy \u0111\u1ecbnh (EU) 2018\/848 v\u1ec1 ch\u1ee9ng nh\u1eadn cho c\u00e1c nh\u00e0 khai th\u00e1c \u1edf c\u00e1c n\u01b0\u1edbc th\u1ee9 ba. H\u01a1n n\u1eefa, ch\u00fang t\u00f4i \u0111\u00e3 \u0111\u01b0\u1ee3c \u1ee6y ban EU c\u00f4ng nh\u1eadn l\u00e0 c\u00f3 \u0111\u1ee7 n\u0103ng l\u1ef1c \u0111\u1ec3 th\u1ef1c hi\u1ec7n ki\u1ec3m so\u00e1t v\u00e0 c\u1ea5p ch\u1ee9ng nh\u1eadn h\u1eefu c\u01a1 \u2026<\/p>\n<p class=\"read-more\"> <a class=\"\" href=\"https:\/\/srs-certification.com\/vi\/su-cong-nhan\/\"> <span class=\"screen-reader-text\">Ch\u1ee9ng nh\u1eadn<\/span> \u0110\u1ecdc th\u00eam &quot;<\/a><\/p>","protected":false},"author":7,"featured_media":0,"parent":0,"menu_order":3,"comment_status":"closed","ping_status":"closed","template":"","meta":{"inline_featured_image":false,"site-sidebar-layout":"default","site-content-layout":"default","ast-global-header-display":"","ast-main-header-display":"","ast-hfb-above-header-display":"","ast-hfb-below-header-display":"","ast-hfb-mobile-header-display":"","site-post-title":"disabled","ast-breadcrumbs-content":"","ast-featured-img":"","footer-sml-layout":"","theme-transparent-header-meta":"","adv-header-id-meta":"","stick-header-meta":"","header-above-stick-meta":"","header-main-stick-meta":"","header-below-stick-meta":"","footnotes":""},"class_list":["post-53","page","type-page","status-publish","hentry"],"_links":{"self":[{"href":"https:\/\/srs-certification.com\/vi\/wp-json\/wp\/v2\/pages\/53","targetHints":{"allow":["GET"]}}],"collection":[{"href":"https:\/\/srs-certification.com\/vi\/wp-json\/wp\/v2\/pages"}],"about":[{"href":"https:\/\/srs-certification.com\/vi\/wp-json\/wp\/v2\/types\/page"}],"author":[{"embeddable":true,"href":"https:\/\/srs-certification.com\/vi\/wp-json\/wp\/v2\/users\/7"}],"replies":[{"embeddable":true,"href":"https:\/\/srs-certification.com\/vi\/wp-json\/wp\/v2\/comments?post=53"}],"version-history":[{"count":10,"href":"https:\/\/srs-certification.com\/vi\/wp-json\/wp\/v2\/pages\/53\/revisions"}],"predecessor-version":[{"id":4874,"href":"https:\/\/srs-certification.com\/vi\/wp-json\/wp\/v2\/pages\/53\/revisions\/4874"}],"wp:attachment":[{"href":"https:\/\/srs-certification.com\/vi\/wp-json\/wp\/v2\/media?parent=53"}],"curies":[{"name":"wp","href":"https:\/\/api.w.org\/{rel}","templated":true}]}}