{"id":59,"date":"2019-02-01T10:47:15","date_gmt":"2019-02-01T09:47:15","guid":{"rendered":"http:\/\/srs-certification.de\/?page_id=59"},"modified":"2026-04-13T14:31:37","modified_gmt":"2026-04-13T12:31:37","slug":"lien-ket-tai-lieu","status":"publish","type":"page","link":"https:\/\/srs-certification.com\/vi\/lien-ket-tai-lieu\/","title":{"rendered":"T\u00e0i li\u1ec7u &amp; Li\u00ean k\u1ebft"},"content":{"rendered":"<p>D\u01b0\u1edbi \u0111\u00e2y b\u1ea1n s\u1ebd t\u00ecm th\u1ea5y c\u00e1c li\u00ean k\u1ebft \u0111\u1ebfn t\u00e0i li\u1ec7u c\u1ee7a ch\u00fang t\u00f4i, \u0111\u1ebfn th\u00f4ng tin k\u1ef9 thu\u1eadt v\u1ec1 s\u1ea3n xu\u1ea5t h\u1eefu c\u01a1 v\u00e0 li\u00ean k\u1ebft \u0111\u1ebfn c\u00e1c ti\u00eau chu\u1ea9n kh\u00e1c nhau.<\/p>\n\n\n\n<p>N\u1ebfu c\u00f3 th\u1eafc m\u1eafc, vui l\u00f2ng g\u1eedi email \u0111\u1ebfn: info@srscert-global.com<\/p>\n\n\n\n<p><strong>Ch\u1ee9ng nh\u1eadn h\u1eefu c\u01a1<\/strong><\/p>\n\n\n\n<ul class=\"wp-block-list\">\n<li><strong>Ti\u1ebfng Anh:<\/strong>\n\n\n\n\n\n\n\n\n\n\n\n\n\n\n\n\n\n\n\n\n\n\n\n\n\n\n\n\n\n\n\n\n\n\n\n\n\n\n\n\n\n\n\n\n\n\n\n\n\n\n\n\n\n\n\n\n\n\n\n\n\n\n\n\n\n\n\n\n\n\n\n\n\n\n\n\n\n\n\n\n\n\n\n\n\n\n\n\n\n\n\n\n\n\n\n\n\n\n\n\n\n\n\n\n\n\n\n\n\n\n<ul class=\"wp-block-list\">\n<li><a href=\"https:\/\/srs-certification.com\/wp-content\/uploads\/2024\/03\/S6-Con1-Certification-Contract-2024-03-18.docx\" target=\"_blank\" rel=\"noreferrer noopener\">H\u1ee3p \u0111\u1ed3ng ch\u1ee9ng nh\u1eadn \u2013 vi<\/a><\/li>\n\n\n\n<li><a href=\"https:\/\/srs-certification.com\/wp-content\/uploads\/2025\/02\/S6-Pol2-Certification-Fee-Regulation-2025-02-17.pdf\" target=\"_blank\" rel=\"noreferrer noopener\">Quy \u0111\u1ecbnh v\u1ec1 ph\u00ed ch\u1ee9ng nh\u1eadn \u2013 vi<\/a><\/li>\n\n\n\n<li><a href=\"https:\/\/srs-certification.com\/wp-content\/uploads\/2024\/03\/ORG-F1-Application-2024-03-18.xlsx\" target=\"_blank\" rel=\"noreferrer noopener\">M\u1eabu \u0111\u01a1n \u0111\u0103ng k\u00fd h\u1eefu c\u01a1 \u2013 vi<\/a><\/li>\n\n\n\n<li><a href=\"https:\/\/srs-certification.com\/wp-content\/uploads\/2026\/04\/S7-F1-Complaint-and-Appeal-Form-2019-03-20.docx\" target=\"_blank\" rel=\"noreferrer noopener\">M\u1eabu \u0111\u01a1n Khi\u1ebfu n\u1ea1i v\u00e0 Kh\u00e1ng c\u00e1o \u2013 vi<\/a><\/li>\n\n\n\n<li><a href=\"https:\/\/srs-certification.com\/wp-content\/uploads\/2024\/05\/ORG-F1.7-Conventional-Seed-Planting-Material-Application-2024-05-23.docx\" target=\"_blank\" rel=\"noreferrer noopener\">\u1ee8ng d\u1ee5ng H\u1ea1t gi\u1ed1ng &amp; V\u1eadt li\u1ec7u tr\u1ed3ng tr\u1ecdt th\u00f4ng th\u01b0\u1eddng \u2013 vi<\/a><\/li>\n\n\n\n<li><a href=\"https:\/\/srs-certification.com\/wp-content\/uploads\/2021\/10\/SOP-1-Use-of-Certificates-and-Marks-2021-01-12.pdf\" target=\"_blank\" rel=\"noreferrer noopener\">SRS S\u1eed d\u1ee5ng Ch\u1ee9ng ch\u1ec9 v\u00e0 Nh\u00e3n hi\u1ec7u \u2013 vi<\/a><\/li>\n\n\n\n<li><a href=\"https:\/\/srs-certification.com\/wp-content\/uploads\/2026\/04\/ORG-F1.4-Request-for-Recognition-of-Land-Management-2026-03-30.docx\">Y\u00eau c\u1ea7u c\u00f4ng nh\u1eadn quy\u1ec1n qu\u1ea3n l\u00fd \u0111\u1ea5t \u0111ai<\/a><\/li>\n<\/ul>\n<\/li>\n<\/ul>\n\n\n\n<ul class=\"wp-block-list\">\n<li><strong>Ng\u01b0\u1eddi Trung Qu\u1ed1c:<\/strong>\n\n\n\n\n\n\n\n\n\n\n\n\n\n\n\n\n\n\n\n\n\n\n\n\n\n\n\n\n\n\n\n\n\n\n\n\n\n\n\n\n\n\n\n\n\n\n\n\n\n\n\n\n\n\n\n\n\n\n\n\n\n\n\n\n\n\n\n\n\n\n\n\n\n\n\n\n\n\n\n\n\n\n\n\n\n\n\n\n\n\n\n\n\n\n\n\n\n\n\n\n\n\n\n\n\n\n\n\n\n\n\n\n\n\n<ul class=\"wp-block-list\">\n<li><a href=\"https:\/\/srs-certification.com\/wp-content\/uploads\/2024\/03\/S6-Con1-Certification-Contract-\u8ba4\u8bc1\u5408\u540c-2024-03-18z.docx\" target=\"_blank\" rel=\"noreferrer noopener\">H\u1ee3p \u0111\u1ed3ng ch\u1ee9ng nh\u1eadn \u2013 cn<\/a><\/li>\n\n\n\n<li><a href=\"https:\/\/srs-certification.com\/wp-content\/uploads\/2025\/03\/S6-Pol2-Certification-Fee-Regulation-2025-02-17z.pdf\" target=\"_blank\" rel=\"noreferrer noopener\">Quy \u0111\u1ecbnh v\u1ec1 ph\u00ed ch\u1ee9ng nh\u1eadn \u2013 cn<\/a><\/li>\n\n\n\n<li><a href=\"https:\/\/srs-certification.com\/wp-content\/uploads\/2024\/04\/ORG-F1-Application-\u7533\u8bf7\u8868-2024-03-18z.xlsx\" target=\"_blank\" rel=\"noreferrer noopener\">M\u1eabu \u0111\u01a1n \u0111\u0103ng k\u00fd h\u1eefu c\u01a1 \u2013 cn<\/a><\/li>\n<\/ul>\n\n\n\n<ul class=\"wp-block-list\">\n<li><a rel=\"noreferrer noopener\" href=\"https:\/\/srs-certification.com\/wp-content\/uploads\/2019\/10\/S7-F1-Complaint-and-Appeal-Form-%E6%8A%95%E8%AF%89%E5%92%8C%E7%94%B3%E8%AF%89%E8%A1%A8-2019-03-20z.docx\" target=\"_blank\">M\u1eabu \u0111\u01a1n Khi\u1ebfu n\u1ea1i v\u00e0 Kh\u00e1ng c\u00e1o \u2013 cn<\/a><\/li>\n\n\n\n<li><a href=\"https:\/\/srs-certification.com\/wp-content\/uploads\/2024\/06\/ORG-F1.7-Conventional-Seed-Planting-Material-Application-\u5e38\u89c4\u79cd\u5b50\u7533\u8bf7-2024-05-23z.docx\" target=\"_blank\" rel=\"noreferrer noopener\">\u1ee8ng d\u1ee5ng H\u1ea1t gi\u1ed1ng &amp; V\u1eadt li\u1ec7u tr\u1ed3ng tr\u1ecdt Th\u00f4ng th\u01b0\u1eddng \u2013 cn<\/a><\/li>\n<\/ul>\n<\/li>\n\n\n\n<li><strong>Ng\u01b0\u1eddi Ph\u00e1p:<\/strong>\n<ul class=\"wp-block-list\">\n<li><a href=\"https:\/\/srs-certification.com\/wp-content\/uploads\/2024\/03\/S6-Con1-Certification-Contract-2024-03-18fr.docx\">H\u1ee3p \u0111\u1ed3ng ch\u1ee9ng nh\u1eadn \u2013 fr<\/a><\/li>\n\n\n\n<li><a href=\"https:\/\/srs-certification.com\/wp-content\/uploads\/2025\/02\/S6-Pol2-Certification-Fee-Regulation-2025-02-17fr.pdf\">Quy \u0111\u1ecbnh v\u1ec1 ph\u00ed ch\u1ee9ng nh\u1eadn \u2013 fr<\/a><\/li>\n\n\n\n<li><a href=\"https:\/\/srs-certification.com\/wp-content\/uploads\/2024\/03\/ORG-F1-Application-2024-03-18fr.xlsx\" target=\"_blank\" rel=\"noreferrer noopener\">M\u1eabu \u0111\u01a1n \u0111\u0103ng k\u00fd h\u1eefu c\u01a1 \u2013 fr<\/a><\/li>\n\n\n\n<li><a href=\"https:\/\/srs-certification.com\/wp-content\/uploads\/2024\/06\/ORG-F1.7-Conventional-Seed-Planting-Material-Application-2024-05-23fr.docx\" target=\"_blank\" rel=\"noreferrer noopener\">\u1ee8ng d\u1ee5ng H\u1ea1t gi\u1ed1ng &amp; V\u1eadt li\u1ec7u tr\u1ed3ng tr\u1ecdt Th\u00f4ng th\u01b0\u1eddng \u2013 fr<\/a><\/li>\n<\/ul>\n<\/li>\n<\/ul>\n\n\n\n<p class=\"has-black-color has-text-color\"><strong>Ti\u00eau chu\u1ea9n &amp; Quy \u0111\u1ecbnh<\/strong><\/p>\n\n\n\n<ul class=\"wp-block-list\">\n<li><a href=\"https:\/\/srs-certification.com\/wp-content\/uploads\/2024\/03\/Website-legislation-EN-20231129.pdf\" target=\"_blank\" rel=\"noreferrer noopener\">Quy \u0111\u1ecbnh 2018\/848 c\u1ee7a EU v\u1ec1 s\u1ea3n xu\u1ea5t h\u1eefu c\u01a1 \u2013 vi<\/a><\/li>\n\n\n\n<li><a href=\"https:\/\/srs-certification.com\/wp-content\/uploads\/2024\/03\/Website-legislation-FR-20231129.pdf\" target=\"_blank\" rel=\"noreferrer noopener\">Quy \u0111\u1ecbnh 2018\/848 c\u1ee7a EU v\u1ec1 s\u1ea3n xu\u1ea5t h\u1eefu c\u01a1 \u2013 fr<\/a><\/li>\n\n\n\n<li class=\"#EURegulation2018\/848onorganicproduction-cn\">Quy \u0111\u1ecbnh 2018\/848 c\u1ee7a EU v\u1ec1 s\u1ea3n xu\u1ea5t h\u1eefu c\u01a1 \u2013 <strong>cn<\/strong> \u2013 b\u1ea1n c\u00f3 th\u1ec3 t\u00ecm th\u1ea5y trong s\u1ed1 nh\u1eefng trang kh\u00e1c tr\u00ean trang web \u201cCh\u1ee9ng nh\u1eadn \/ Ph\u00e1p lu\u1eadt d\u00e0nh cho nh\u00e0 \u0111i\u1ec1u h\u00e0nh h\u1eefu c\u01a1\u201d<\/li>\n\n\n\n<li class=\"#EURegulation2018\/848onorganicproduction-cn\">Quy \u0111\u1ecbnh 2018\/848 c\u1ee7a EU v\u1ec1 s\u1ea3n xu\u1ea5t h\u1eefu c\u01a1 \u2013 <strong>tr <\/strong>\u2013 b\u1ea1n c\u00f3 th\u1ec3 t\u00ecm th\u1ea5y trong s\u1ed1 nh\u1eefng trang kh\u00e1c tr\u00ean trang web \u201cCh\u1ee9ng nh\u1eadn \/ Ph\u00e1p lu\u1eadt d\u00e0nh cho nh\u00e0 \u0111i\u1ec1u h\u00e0nh h\u1eefu c\u01a1\u201d<\/li>\n\n\n\n<li><a href=\"https:\/\/www.maff.go.jp\/e\/policies\/standard\/specific\/organic_JAS.html\">JAS <\/a><a rel=\"noreferrer noopener\" href=\"https:\/\/www.maff.go.jp\/e\/policies\/standard\/specific\/organic_JAS.html\" target=\"_blank\">H\u1eefu c\u01a1<\/a><\/li>\n\n\n\n<li><a href=\"https:\/\/www.ecfr.gov\/current\/title-7\/subtitle-B\/chapter-I\/subchapter-M\/part-205?toc=1\" target=\"_blank\" rel=\"noreferrer noopener\">NOP\/USDA h\u1eefu c\u01a1<\/a><\/li>\n\n\n\n<li><a rel=\"noreferrer noopener\" href=\"https:\/\/organic.ams.usda.gov\/Integrity\/Default.aspx\" target=\"_blank\">C\u01a1 s\u1edf d\u1eef li\u1ec7u to\u00e0n v\u1eb9n h\u1eefu c\u01a1 USDA (OID)<\/a> <\/li>\n<\/ul>","protected":false},"excerpt":{"rendered":"<p>Below you find links to our documents, to technical information about organic production and links to different standards. In case of questions please send an email to: info@srscert-global.com Organic Certification Standards &amp; Regulations<\/p>","protected":false},"author":1,"featured_media":0,"parent":0,"menu_order":6,"comment_status":"closed","ping_status":"closed","template":"","meta":{"inline_featured_image":false,"site-sidebar-layout":"default","site-content-layout":"default","ast-global-header-display":"","ast-main-header-display":"","ast-hfb-above-header-display":"","ast-hfb-below-header-display":"","ast-hfb-mobile-header-display":"","site-post-title":"","ast-breadcrumbs-content":"","ast-featured-img":"","footer-sml-layout":"","theme-transparent-header-meta":"","adv-header-id-meta":"","stick-header-meta":"","header-above-stick-meta":"","header-main-stick-meta":"","header-below-stick-meta":"","footnotes":""},"class_list":["post-59","page","type-page","status-publish","hentry"],"_links":{"self":[{"href":"https:\/\/srs-certification.com\/vi\/wp-json\/wp\/v2\/pages\/59","targetHints":{"allow":["GET"]}}],"collection":[{"href":"https:\/\/srs-certification.com\/vi\/wp-json\/wp\/v2\/pages"}],"about":[{"href":"https:\/\/srs-certification.com\/vi\/wp-json\/wp\/v2\/types\/page"}],"author":[{"embeddable":true,"href":"https:\/\/srs-certification.com\/vi\/wp-json\/wp\/v2\/users\/1"}],"replies":[{"embeddable":true,"href":"https:\/\/srs-certification.com\/vi\/wp-json\/wp\/v2\/comments?post=59"}],"version-history":[{"count":19,"href":"https:\/\/srs-certification.com\/vi\/wp-json\/wp\/v2\/pages\/59\/revisions"}],"predecessor-version":[{"id":4922,"href":"https:\/\/srs-certification.com\/vi\/wp-json\/wp\/v2\/pages\/59\/revisions\/4922"}],"wp:attachment":[{"href":"https:\/\/srs-certification.com\/vi\/wp-json\/wp\/v2\/media?parent=59"}],"curies":[{"name":"wp","href":"https:\/\/api.w.org\/{rel}","templated":true}]}}