{"id":62,"date":"2019-02-05T00:00:27","date_gmt":"2019-02-04T23:00:27","guid":{"rendered":"http:\/\/srs-certification.de\/?page_id=62"},"modified":"2024-11-07T10:07:12","modified_gmt":"2024-11-07T09:07:12","slug":"chuong","status":"publish","type":"page","link":"https:\/\/srs-certification.com\/vi\/ve-srs\/chuong\/","title":{"rendered":"H\u1ee3p t\u00e1c"},"content":{"rendered":"<p>SRS \u0111\u00e3 thi\u1ebft l\u1eadp m\u1ed9t s\u1ed1 quan h\u1ec7 h\u1ee3p t\u00e1c \u0111\u1ec3 h\u1ed7 tr\u1ee3 l\u1eabn nhau v\u00e0 ph\u1ee5c v\u1ee5 kh\u00e1ch h\u00e0ng t\u1ed1t h\u01a1n:<\/p>\n\n\n\n<h4 class=\"wp-block-heading has-text-align-center\">&nbsp;&nbsp;<strong>C\u00f4ng ty TNHH Ch\u1ee9ng nh\u1eadn SRS (Th\u01b0\u1ee3ng H\u1ea3i)<\/strong><\/h4>\n\n\n\n<p><img loading=\"lazy\" decoding=\"async\" width=\"307\" height=\"80\" class=\"wp-image-1975 alignleft\" src=\"https:\/\/srs-certification.com\/wp-content\/uploads\/2020\/02\/srs_certification_ltd_logo.png\" alt=\"\" srcset=\"https:\/\/srs-certification.com\/wp-content\/uploads\/2020\/02\/srs_certification_ltd_logo.png 2421w, https:\/\/srs-certification.com\/wp-content\/uploads\/2020\/02\/srs_certification_ltd_logo-300x78.png 300w, https:\/\/srs-certification.com\/wp-content\/uploads\/2020\/02\/srs_certification_ltd_logo-1024x267.png 1024w, https:\/\/srs-certification.com\/wp-content\/uploads\/2020\/02\/srs_certification_ltd_logo-150x39.png 150w, https:\/\/srs-certification.com\/wp-content\/uploads\/2020\/02\/srs_certification_ltd_logo-768x200.png 768w, https:\/\/srs-certification.com\/wp-content\/uploads\/2020\/02\/srs_certification_ltd_logo-1536x401.png 1536w, https:\/\/srs-certification.com\/wp-content\/uploads\/2020\/02\/srs_certification_ltd_logo-2048x535.png 2048w, https:\/\/srs-certification.com\/wp-content\/uploads\/2020\/02\/srs_certification_ltd_logo-604x158.png 604w\" sizes=\"auto, (max-width: 307px) 100vw, 307px\" \/>C\u00f4ng ty ch\u1ecb em c\u1ee7a SRS Certification GmbH c\u00f3 tr\u1ee5 s\u1edf t\u1ea1i Th\u01b0\u1ee3ng H\u1ea3i, \u0111\u01b0\u1ee3c c\u01a1 quan ch\u00ednh ph\u1ee7 ch\u1ea5p thu\u1eadn h\u1ee3p t\u00e1c v\u1edbi c\u00e1c t\u1ed5 ch\u1ee9c ch\u1ee9ng nh\u1eadn qu\u1ed1c t\u1ebf. Ngo\u00e0i ra, c\u00f4ng ty c\u00f2n \u0111\u01b0\u1ee3c c\u00f4ng nh\u1eadn ch\u1ee9ng nh\u1eadn theo Ti\u00eau chu\u1ea9n H\u1eefu c\u01a1 Trung Qu\u1ed1c GB\/T 19630-2019. S\u1ea3n ph\u1ea9m h\u1eefu c\u01a1 t\u1eeb n\u01b0\u1edbc ngo\u00e0i nh\u1eadp kh\u1ea9u v\u00e0o Trung Qu\u1ed1c ph\u1ea3i \u0111\u01b0\u1ee3c ch\u1ee9ng nh\u1eadn \u0111\u1ea1t ti\u00eau chu\u1ea9n n\u00e0y. Vui l\u00f2ng truy c\u1eadp trang web c\u1ee7a&nbsp;<a rel=\"noreferrer noopener\" href=\"http:\/\/srs-cert.com\/\" data-type=\"URL\" data-id=\"http:\/\/srs-cert.com\/\" target=\"_blank\">SRS Th\u01b0\u1ee3ng H\u1ea3i<\/a> \u4e0a\u6d77\u65f6\u8fce\u8ba4\u8bc1\u670d\u52a1\u6709\u9650\u516c\u53f8, \u0111\u1ec3 bi\u1ebft th\u00eam th\u00f4ng tin. <\/p>\n\n\n\n<p>SRS Shanghai \u0111\u00f3ng vai tr\u00f2 l\u00e0 c\u01a1 s\u1edf cho c\u00e1c thanh tra vi\u00ean c\u1ee7a SRS Certification GmbH, c\u00f3 tr\u1ee5 s\u1edf t\u1ea1i m\u1ed9t s\u1ed1 khu v\u1ef1c c\u1ee7a Trung Qu\u1ed1c v\u00e0 h\u1ed7 tr\u1ee3 ch\u00fang t\u00f4i ti\u1ebfn h\u00e0nh c\u00e1c cu\u1ed9c ki\u1ec3m tra linh ho\u1ea1t v\u00e0 hi\u1ec7u qu\u1ea3.<\/p>\n\n\n\n<h4 class=\"wp-block-heading has-text-align-center\"><strong>H\u1ed9i \u0111\u1ed3ng ch\u1ee9ng nh\u1eadn h\u1eefu c\u01a1 ch\u00e2u \u00c2u (EOCC)<\/strong><\/h4>\n\n\n\n<p><img loading=\"lazy\" decoding=\"async\" width=\"150\" height=\"41\" class=\"wp-image-2409\" style=\"width: 150px;\" src=\"https:\/\/srs-certification.com\/wp-content\/uploads\/2020\/11\/Logo-EOCC-pixels-100x60-1.jpg\" alt=\"\" srcset=\"https:\/\/srs-certification.com\/wp-content\/uploads\/2020\/11\/Logo-EOCC-pixels-100x60-1.jpg 655w, https:\/\/srs-certification.com\/wp-content\/uploads\/2020\/11\/Logo-EOCC-pixels-100x60-1-300x83.jpg 300w, https:\/\/srs-certification.com\/wp-content\/uploads\/2020\/11\/Logo-EOCC-pixels-100x60-1-150x41.jpg 150w, https:\/\/srs-certification.com\/wp-content\/uploads\/2020\/11\/Logo-EOCC-pixels-100x60-1-604x167.jpg 604w\" sizes=\"auto, (max-width: 150px) 100vw, 150px\" \/> SRS l\u00e0 th\u00e0nh vi\u00ean c\u1ee7a H\u1ed9i \u0111\u1ed3ng Ch\u1ee9ng nh\u1eadn H\u1eefu c\u01a1 Ch\u00e2u \u00c2u (<a rel=\"noreferrer noopener\" href=\"http:\/\/www.eocc.nu\" target=\"_blank\">EOCC<\/a>) l\u00e0 m\u1ed9t hi\u1ec7p h\u1ed9i qu\u1ed1c t\u1ebf g\u1ed3m c\u00e1c c\u01a1 quan ki\u1ec3m so\u00e1t v\u00e0 c\u01a1 quan c\u00f3 th\u1ea9m quy\u1ec1n nh\u1eb1m t\u0103ng c\u01b0\u1eddng \u0111\u1ed9 tin c\u1eady c\u1ee7a c\u00e1c ho\u1ea1t \u0111\u1ed9ng ki\u1ec3m so\u00e1t v\u00e0 ch\u1ee9ng nh\u1eadn. N\u00f3 t\u1ea1o \u0111i\u1ec1u ki\u1ec7n thu\u1eadn l\u1ee3i cho lu\u1ed3ng th\u00f4ng tin v\u00e0 trao \u0111\u1ed5i th\u00f4ng tin quan tr\u1ecdng nh\u01b0 c\u00e1c tr\u01b0\u1eddng h\u1ee3p gian l\u1eadn, c\u1eadp nh\u1eadt c\u00e1c quy \u0111\u1ecbnh c\u1ee7a Ch\u00e2u \u00c2u v\u00e0 s\u1ef1 h\u00e0i h\u00f2a trong c\u00e1ch gi\u1ea3i th\u00edch c\u1ee7a ch\u00fang. EOCC l\u00e0 m\u1ed9t \u0111\u1ed1i t\u00e1c c\u00f3 gi\u00e1 tr\u1ecb \u1edf c\u1ea5p EU v\u00e0 ho\u1ea1t \u0111\u1ed9ng h\u01b0\u1edbng t\u1edbi vi\u1ec7c c\u1ea3i thi\u1ec7n lu\u1eadt ph\u00e1p h\u1eefu c\u01a1 c\u1ee7a Ch\u00e2u \u00c2u. H\u1ed9i \u0111\u1ed3ng \u0111\u00f3ng vai tr\u00f2 l\u00e0 n\u1ec1n t\u1ea3ng \u0111\u1ec3 chia s\u1ebb nh\u1eefng th\u00e1ch th\u1ee9c trong c\u00f4ng vi\u1ec7c ho\u1eb7c c\u01a1 quan ki\u1ec3m so\u00e1t c\u0169ng nh\u01b0 ph\u00e1t tri\u1ec3n c\u00e1c ph\u01b0\u01a1ng ph\u00e1p v\u00e0 c\u00f4ng c\u1ee5.<\/p>\n\n\n\n<h4 class=\"wp-block-heading has-text-align-center\"><strong>Hi\u1ec7p h\u1ed9i ch\u1ee9ng nh\u1eadn \u0111\u01b0\u1ee3c c\u00f4ng nh\u1eadn (ACA)<\/strong><\/h4>\n\n\n\n<p><img loading=\"lazy\" decoding=\"async\" width=\"150\" height=\"83\" class=\"wp-image-2408\" style=\"width: 150px;\" src=\"https:\/\/srs-certification.com\/wp-content\/uploads\/2020\/11\/Logo-ACA-horizontal-all-500.jpg\" alt=\"\" srcset=\"https:\/\/srs-certification.com\/wp-content\/uploads\/2020\/11\/Logo-ACA-horizontal-all-500.jpg 501w, https:\/\/srs-certification.com\/wp-content\/uploads\/2020\/11\/Logo-ACA-horizontal-all-500-300x165.jpg 300w, https:\/\/srs-certification.com\/wp-content\/uploads\/2020\/11\/Logo-ACA-horizontal-all-500-150x83.jpg 150w, https:\/\/srs-certification.com\/wp-content\/uploads\/2020\/11\/Logo-ACA-horizontal-all-500-490x270.jpg 490w\" sizes=\"auto, (max-width: 150px) 100vw, 150px\" \/> Hi\u1ec7p h\u1ed9i ch\u1ee9ng nh\u1eadn \u0111\u01b0\u1ee3c c\u00f4ng nh\u1eadn (<a rel=\"noreferrer noopener\" href=\"http:\/\/www.accreditedcertifiers.org\" target=\"_blank\">ACA<\/a>) l\u00e0 li\u00ean minh g\u1ed3m c\u00e1c t\u1ed5 ch\u1ee9c ch\u1ee9ng nh\u1eadn v\u00e0 c\u00e1c b\u00ean quan t\u00e2m kh\u00e1c, t\u1ea5t c\u1ea3 \u0111\u1ec1u quan t\u00e2m \u0111\u1ebfn vi\u1ec7c th\u1ef1c hi\u1ec7n nh\u1ea5t qu\u00e1n Quy \u0111\u1ecbnh h\u1eefu c\u01a1 c\u1ee7a USDA th\u00f4ng qua s\u1ef1 c\u1ed9ng t\u00e1c v\u00e0 \u0111\u00e0o t\u1ea1o c\u1ee7a c\u00e1c c\u01a1 quan ch\u1ee9ng nh\u1eadn \u0111\u01b0\u1ee3c c\u00f4ng nh\u1eadn. ACA cung c\u1ea5p m\u1ed9t n\u1ec1n t\u1ea3ng cho c\u00e1c cu\u1ed9c th\u1ea3o lu\u1eadn v\u00e0 th\u00e0nh l\u1eadp c\u00e1c nh\u00f3m l\u00e0m vi\u1ec7c \u0111\u1ec3 t\u00ecm ra gi\u1ea3i ph\u00e1p cho nh\u1eefng m\u1ed1i quan t\u00e2m hi\u1ec7n t\u1ea1i ho\u1eb7c \u0111\u1ec1 xu\u1ea5t c\u1eadp nh\u1eadt c\u00e1c quy t\u1eafc NOP.<\/p>","protected":false},"excerpt":{"rendered":"<p>SRS \u0111\u00e3 thi\u1ebft l\u1eadp m\u1ed9t s\u1ed1 h\u1ee3p t\u00e1c \u0111\u1ec3 h\u1ed7 tr\u1ee3 l\u1eabn nhau v\u00e0 ph\u1ee5c v\u1ee5 kh\u00e1ch h\u00e0ng t\u1ed1t h\u01a1n: SRS (Th\u01b0\u1ee3ng H\u1ea3i) Certification Co., Ltd C\u00f4ng ty ch\u1ecb em c\u1ee7a SRS Certification GmbH \u0111\u1eb7t t\u1ea1i Th\u01b0\u1ee3ng H\u1ea3i, \u0111\u01b0\u1ee3c ch\u00ednh quy\u1ec1n ch\u1ea5p thu\u1eadn h\u1ee3p t\u00e1c v\u1edbi c\u00e1c t\u1ed5 ch\u1ee9c ch\u1ee9ng nh\u1eadn qu\u1ed1c t\u1ebf. Ngo\u00e0i ra, c\u00f4ng ty c\u00f2n \u0111\u01b0\u1ee3c c\u00f4ng nh\u1eadn ch\u1ee9ng nh\u1eadn theo ti\u00eau chu\u1ea9n Trung Qu\u1ed1c \u2026<\/p>\n<p class=\"read-more\"> <a class=\"\" href=\"https:\/\/srs-certification.com\/vi\/ve-srs\/chuong\/\"> <span class=\"screen-reader-text\">H\u1ee3p t\u00e1c<\/span> \u0110\u1ecdc th\u00eam &quot;<\/a><\/p>","protected":false},"author":2,"featured_media":0,"parent":26,"menu_order":4,"comment_status":"closed","ping_status":"closed","template":"","meta":{"inline_featured_image":false,"site-sidebar-layout":"default","site-content-layout":"default","ast-global-header-display":"","ast-main-header-display":"","ast-hfb-above-header-display":"","ast-hfb-below-header-display":"","ast-hfb-mobile-header-display":"","site-post-title":"","ast-breadcrumbs-content":"","ast-featured-img":"","footer-sml-layout":"","theme-transparent-header-meta":"","adv-header-id-meta":"","stick-header-meta":"","header-above-stick-meta":"","header-main-stick-meta":"","header-below-stick-meta":"","footnotes":""},"class_list":["post-62","page","type-page","status-publish","hentry"],"_links":{"self":[{"href":"https:\/\/srs-certification.com\/vi\/wp-json\/wp\/v2\/pages\/62","targetHints":{"allow":["GET"]}}],"collection":[{"href":"https:\/\/srs-certification.com\/vi\/wp-json\/wp\/v2\/pages"}],"about":[{"href":"https:\/\/srs-certification.com\/vi\/wp-json\/wp\/v2\/types\/page"}],"author":[{"embeddable":true,"href":"https:\/\/srs-certification.com\/vi\/wp-json\/wp\/v2\/users\/2"}],"replies":[{"embeddable":true,"href":"https:\/\/srs-certification.com\/vi\/wp-json\/wp\/v2\/comments?post=62"}],"version-history":[{"count":6,"href":"https:\/\/srs-certification.com\/vi\/wp-json\/wp\/v2\/pages\/62\/revisions"}],"predecessor-version":[{"id":4812,"href":"https:\/\/srs-certification.com\/vi\/wp-json\/wp\/v2\/pages\/62\/revisions\/4812"}],"up":[{"embeddable":true,"href":"https:\/\/srs-certification.com\/vi\/wp-json\/wp\/v2\/pages\/26"}],"wp:attachment":[{"href":"https:\/\/srs-certification.com\/vi\/wp-json\/wp\/v2\/media?parent=62"}],"curies":[{"name":"wp","href":"https:\/\/api.w.org\/{rel}","templated":true}]}}