{"id":74,"date":"2018-03-05T10:48:27","date_gmt":"2018-03-05T09:48:27","guid":{"rendered":"http:\/\/srs-certification.de\/?page_id=74"},"modified":"2026-03-05T12:11:15","modified_gmt":"2026-03-05T11:11:15","slug":"dau-an","status":"publish","type":"page","link":"https:\/\/srs-certification.com\/vi\/dau-an\/","title":{"rendered":"d\u1ea5u \u1ea5n"},"content":{"rendered":"<p class=\"has-ast-global-color-8-color has-text-color\">Th\u00f4ng tin \u0111\u01b0\u1ee3c cung c\u1ea5p theo <em>\u00a7<\/em> 5 c\u1ee7a TMG (\u0110\u1ea1o lu\u1eadt truy\u1ec1n th\u00f4ng \u0110\u1ee9c) | <em>Angaben gem\u00e4\u00df \u00a7 5 TMG<\/em>:<br>Ch\u1ee9ng nh\u1eadn SRS GmbH<br>Friedl\u00e4nder Tu\u1ea7n 20 | 37085 Gottingen | n\u01b0\u1edbc \u0110\u1ee9c<\/p>\n\n\n\n<p class=\"has-ast-global-color-8-color has-text-color\">\u0110\u1ea1i di\u1ec7n b\u1edfi | <em>du d\u01b0\u01a1ng Vertreten<\/em>:<br>Martina Melapie<\/p>\n\n\n\n<p class=\"has-ast-global-color-8-color has-text-color\">Li\u00ean h\u1ec7 | <em>Li\u00ean l\u1ea1c<\/em>:<br>T.: +49 551 \/ 89 02 45 42<br>E-mail: <a href=\"mailto:info@srs-certification.com\">info [at] srscert-global.com<\/a><\/p>\n\n\n\n<p class=\"has-ast-global-color-8-color has-text-color\">T\u00f2a \u00e1n \u0111\u0103ng k\u00fd | <em>\u0110\u0103ng k\u00fd<\/em>:<br>Amtsgericht G\u00f6ttingen<\/p>\n\n\n\n<p class=\"has-ast-global-color-8-color has-text-color\">S\u1ed1 \u0111\u0103ng k\u00fd | <em>s\u1ed1 \u0111\u0103ng k\u00fd<\/em>:<br>HRB 205083<\/p>\n\n\n\n<p class=\"has-ast-global-color-8-color has-text-color\">M\u00e3 s\u1ed1 VAT theo <em>\u00a7<\/em>27 \u0110\u1ea1o lu\u1eadt thu\u1ebf gi\u00e1 tr\u1ecb gia t\u0103ng c\u1ee7a \u0110\u1ee9c | <em>UStr-IdNr gem\u00e4\u00df \u00a727 a Umsatzsteuergesetz<\/em>:<br>DE312563403<\/p>\n\n\n\n<p class=\"has-ast-global-color-8-color has-text-color\">Ch\u1ecbu tr\u00e1ch nhi\u1ec7m v\u1ec1 n\u1ed9i dung theo quy \u0111\u1ecbnh c\u1ee7a Sec. 55, <em>\u00a7<\/em>2 Th\u1ecfa thu\u1eadn ph\u00e1t s\u00f3ng li\u00ean bang \u0110\u1ee9c (RstV) | <em>Verantwortlich f\u00fcr den H\u00edt v\u00e0o \u00a7 55 Abs. 2 RStV<\/em>:<br>Martina Melapie | SRS Certification GmbH (xem th\u00f4ng tin li\u00ean h\u1ec7 \u1edf tr\u00ean | <em>Tr\u1ea3 l\u1eddi oben<\/em>)<\/p>\n\n\n\n<p class=\"has-ast-global-color-8-color has-text-color\">Thi\u1ebft k\u1ebf | C\u1eed ch\u1ec9:<br><a href=\"http:\/\/www.blueprint-online.de\" target=\"_blank\" rel=\"noreferrer noopener\">B\u1ea3n thi\u1ebft k\u1ebf Werbeagentur<\/a> | Ch\u1ee7 \u0111\u1ec1 c\u01a1 b\u1ea3n \u201cNisarg\u201d c\u1ee7a Falguni<\/p>\n\n\n\n<p class=\"has-ast-global-color-8-color has-text-color\"><strong>Tr\u00e1ch nhi\u1ec7m \u0111\u1ed1i v\u1edbi n\u1ed9i dung<\/strong><\/p>\n\n\n\n<p class=\"has-ast-global-color-8-color has-text-color\">V\u1edbi t\u01b0 c\u00e1ch l\u00e0 nh\u00e0 cung c\u1ea5p d\u1ecbch v\u1ee5, ch\u00fang t\u00f4i ch\u1ecbu tr\u00e1ch nhi\u1ec7m v\u1ec1 n\u1ed9i dung ri\u00eang c\u1ee7a c\u00e1c trang web n\u00e0y theo \u00a7 7 Abs. 1 TMG (\u0110\u1ea1o lu\u1eadt truy\u1ec1n th\u00f4ng \u0110\u1ee9c). Tuy nhi\u00ean, theo \u00a7\u00a7 8 \u0111\u1ebfn 10 c\u1ee7a TMG, c\u00e1c nh\u00e0 cung c\u1ea5p d\u1ecbch v\u1ee5 kh\u00f4ng c\u00f3 ngh\u0129a v\u1ee5 gi\u00e1m s\u00e1t v\u0129nh vi\u1ec5n th\u00f4ng tin \u0111\u01b0\u1ee3c g\u1eedi ho\u1eb7c l\u01b0u tr\u1eef ho\u1eb7c t\u00ecm ki\u1ebfm b\u1eb1ng ch\u1ee9ng cho th\u1ea5y c\u00e1c ho\u1ea1t \u0111\u1ed9ng b\u1ea5t h\u1ee3p ph\u00e1p.<\/p>\n\n\n\n<p class=\"has-ast-global-color-8-color has-text-color\">Ngh\u0129a v\u1ee5 ph\u00e1p l\u00fd v\u1ec1 vi\u1ec7c x\u00f3a th\u00f4ng tin ho\u1eb7c ng\u0103n ch\u1eb7n vi\u1ec7c s\u1eed d\u1ee5ng th\u00f4ng tin v\u1eabn kh\u00f4ng b\u1ecb c\u1ea3n tr\u1edf. Trong tr\u01b0\u1eddng h\u1ee3p n\u00e0y, tr\u00e1ch nhi\u1ec7m ph\u00e1p l\u00fd ch\u1ec9 c\u00f3 th\u1ec3 x\u1ea3y ra khi bi\u1ebft \u0111\u01b0\u1ee3c m\u1ed9t h\u00e0nh vi vi ph\u1ea1m ph\u00e1p lu\u1eadt c\u1ee5 th\u1ec3. N\u1ed9i dung b\u1ea5t h\u1ee3p ph\u00e1p s\u1ebd b\u1ecb x\u00f3a ngay l\u1eadp t\u1ee9c t\u1ea1i th\u1eddi \u0111i\u1ec3m ch\u00fang t\u00f4i bi\u1ebft v\u1ec1 ch\u00fang.<\/p>\n\n\n\n<p class=\"has-ast-global-color-8-color has-text-color\"><strong>Tr\u00e1ch nhi\u1ec7m \u0111\u1ed1i v\u1edbi c\u00e1c li\u00ean k\u1ebft<\/strong><\/p>\n\n\n\n<p class=\"has-ast-global-color-8-color has-text-color\">\u01afu \u0111\u00e3i c\u1ee7a ch\u00fang t\u00f4i bao g\u1ed3m c\u00e1c li\u00ean k\u1ebft \u0111\u1ebfn c\u00e1c trang web b\u00ean ngo\u00e0i c\u1ee7a b\u00ean th\u1ee9 ba. Ch\u00fang t\u00f4i kh\u00f4ng c\u00f3 \u1ea3nh h\u01b0\u1edfng g\u00ec \u0111\u1ebfn n\u1ed9i dung c\u1ee7a c\u00e1c trang web \u0111\u00f3 n\u00ean ch\u00fang t\u00f4i kh\u00f4ng th\u1ec3 \u0111\u1ea3m b\u1ea3o v\u1ec1 nh\u1eefng n\u1ed9i dung \u0111\u00f3. Nh\u00e0 cung c\u1ea5p ho\u1eb7c qu\u1ea3n tr\u1ecb vi\u00ean c\u1ee7a c\u00e1c trang web \u0111\u01b0\u1ee3c li\u00ean k\u1ebft lu\u00f4n ch\u1ecbu tr\u00e1ch nhi\u1ec7m v\u1ec1 n\u1ed9i dung c\u1ee7a ch\u00ednh h\u1ecd.<\/p>\n\n\n\n<p class=\"has-ast-global-color-8-color has-text-color\">C\u00e1c trang web \u0111\u01b0\u1ee3c li\u00ean k\u1ebft \u0111\u00e3 \u0111\u01b0\u1ee3c ki\u1ec3m tra kh\u1ea3 n\u0103ng vi ph\u1ea1m ph\u00e1p lu\u1eadt t\u1ea1i th\u1eddi \u0111i\u1ec3m thi\u1ebft l\u1eadp li\u00ean k\u1ebft. N\u1ed9i dung b\u1ea5t h\u1ee3p ph\u00e1p kh\u00f4ng \u0111\u01b0\u1ee3c ph\u00e1t hi\u1ec7n t\u1ea1i th\u1eddi \u0111i\u1ec3m li\u00ean k\u1ebft. Vi\u1ec7c gi\u00e1m s\u00e1t th\u01b0\u1eddng xuy\u00ean n\u1ed9i dung c\u1ee7a c\u00e1c trang web \u0111\u01b0\u1ee3c li\u00ean k\u1ebft kh\u00f4ng th\u1ec3 \u0111\u01b0\u1ee3c th\u1ef1c hi\u1ec7n n\u1ebfu kh\u00f4ng c\u00f3 d\u1ea5u hi\u1ec7u h\u1ee3p l\u00fd cho th\u1ea5y \u0111\u00e3 c\u00f3 h\u00e0nh vi vi ph\u1ea1m ph\u00e1p lu\u1eadt. C\u00e1c li\u00ean k\u1ebft b\u1ea5t h\u1ee3p ph\u00e1p s\u1ebd b\u1ecb x\u00f3a ngay l\u1eadp t\u1ee9c v\u00e0o th\u1eddi \u0111i\u1ec3m ch\u00fang t\u00f4i bi\u1ebft v\u1ec1 ch\u00fang.<\/p>\n\n\n\n<p class=\"has-ast-global-color-8-color has-text-color\"><strong>B\u1ea3n quy\u1ec1n<\/strong><\/p>\n\n\n\n<p class=\"has-ast-global-color-8-color has-text-color\">N\u1ed9i dung v\u00e0 t\u00e0i li\u1ec7u t\u1ed5ng h\u1ee3p \u0111\u01b0\u1ee3c nh\u00e0 cung c\u1ea5p xu\u1ea5t b\u1ea3n tr\u00ean c\u00e1c trang web n\u00e0y ph\u1ea3i tu\u00e2n theo lu\u1eadt b\u1ea3n quy\u1ec1n c\u1ee7a \u0110\u1ee9c. Vi\u1ec7c sao ch\u00e9p, ch\u1ec9nh s\u1eeda, ph\u00e2n ph\u1ed1i c\u0169ng nh\u01b0 s\u1eed d\u1ee5ng d\u01b0\u1edbi b\u1ea5t k\u1ef3 h\u00ecnh th\u1ee9c n\u00e0o ngo\u00e0i ph\u1ea1m vi lu\u1eadt b\u1ea3n quy\u1ec1n \u0111\u1ec1u ph\u1ea3i c\u00f3 s\u1ef1 cho ph\u00e9p b\u1eb1ng v\u0103n b\u1ea3n c\u1ee7a t\u00e1c gi\u1ea3 ho\u1eb7c ng\u01b0\u1eddi s\u00e1ng t\u1ea1o. Vi\u1ec7c t\u1ea3i xu\u1ed1ng v\u00e0 sao ch\u00e9p c\u00e1c trang web n\u00e0y ch\u1ec9 \u0111\u01b0\u1ee3c ph\u00e9p s\u1eed d\u1ee5ng cho m\u1ee5c \u0111\u00edch c\u00e1 nh\u00e2n.<\/p>\n\n\n\n<p class=\"has-ast-global-color-8-color has-text-color\">Vi\u1ec7c s\u1eed d\u1ee5ng th\u01b0\u01a1ng m\u1ea1i n\u1ed9i dung c\u1ee7a ch\u00fang t\u00f4i m\u00e0 kh\u00f4ng c\u00f3 s\u1ef1 cho ph\u00e9p c\u1ee7a ng\u01b0\u1eddi t\u1ea1o \u0111\u1ec1u b\u1ecb c\u1ea5m.<\/p>\n\n\n\n<p class=\"has-ast-global-color-8-color has-text-color\">Lu\u1eadt b\u1ea3n quy\u1ec1n c\u1ee7a b\u00ean th\u1ee9 ba \u0111\u01b0\u1ee3c t\u00f4n tr\u1ecdng mi\u1ec5n l\u00e0 n\u1ed9i dung tr\u00ean c\u00e1c trang web n\u00e0y kh\u00f4ng c\u00f3 ngu\u1ed3n g\u1ed1c t\u1eeb nh\u00e0 cung c\u1ea5p. \u0110\u00f3ng g\u00f3p c\u1ee7a b\u00ean th\u1ee9 ba tr\u00ean trang web n\u00e0y \u0111\u01b0\u1ee3c ch\u1ec9 \u0111\u1ecbnh nh\u01b0 v\u1eady. Tuy nhi\u00ean, n\u1ebfu b\u1ea1n nh\u1eadn th\u1ea5y b\u1ea5t k\u1ef3 h\u00e0nh vi vi ph\u1ea1m lu\u1eadt b\u1ea3n quy\u1ec1n n\u00e0o, vui l\u00f2ng th\u00f4ng b\u00e1o cho ch\u00fang t\u00f4i. Nh\u1eefng n\u1ed9i dung nh\u01b0 v\u1eady s\u1ebd b\u1ecb x\u00f3a ngay l\u1eadp t\u1ee9c.<\/p>\n\n\n\n<p class=\"has-ast-global-color-8-color has-text-color\"><strong>Haftung f\u00fcr H\u00edt v\u00e0o<\/strong><\/p>\n\n\n\n<p class=\"has-ast-global-color-8-color has-text-color\"><em>Als Dienseanbieter sind wir gem\u00e4\u00df \u00a7 7 Abs. 1 TMG f\u00fcr eigene Inhalte auf diesen Seiten nach den allgemeinen Gesetzen verantwortlich. Nach \u00a7\u00a7 8 bis 10 TMG sind wir als Dienseanbieter jedoch nicht verpflichtet, \u00fcbermittelte oder gespeicherte fremde Informationen zu \u00fcberwachen oder nach Umst\u00e4nden zu forschen, die auf eine rechtswidrige T\u00e4tigkeit hinweisen.<\/em><\/p>\n\n\n\n<p class=\"has-ast-global-color-8-color has-text-color\"><em>Verpflichtungen zur Entfernung oder Sperrung der Nutzung von Informationen nach den allgemeinen Gesetzen bleiben hiervon unber\u00fchrt. Eine diebez\u00fcgliche Haftung ist jedoch erst ab dem Zeitpunkt der Kenntnis einer konkreten Rechtsverletzung m\u00f6glich. Bei Bekanntwerden von entsprechenden Rechtsverletzungen werden wir diese Inhalte umgehend entfernen.<\/em><\/p>\n\n\n\n<p class=\"has-ast-global-color-8-color has-text-color\"><strong>Haftung f\u00fcr Links<\/strong><\/p>\n\n\n\n<p class=\"has-ast-global-color-8-color has-text-color\"><em>Unser Angebot enth\u00e4lt Links zu externen Webseiten Dritter, auf deren Inhalte wir keinen Einfluss haben. Deshalb k\u00f6nnen wir f\u00fcr diese fremden Inhalte auch keine Gew\u00e4hr \u00fcbernehmen. F\u00fcr die Inhalte der verlinkten Seiten ist stets der jeweilige Anbieter oder Betreiber der Seiten verantwortlich. Die verlinkten Seiten wurden zum Zeitpunkt der Verlinkung auf m\u00f6gliche Rechtsverst\u00f6\u00dfe \u00fcberpr\u00fcft. Rechtswidrige Inhalte waren zum Zeitpunkt der Verlinkung nicht erkennbar.<\/em><\/p>\n\n\n\n<p class=\"has-ast-global-color-8-color has-text-color\"><em>Eine Permanente inhaltliche Kontrolle der verlinkten Seiten ist jedoch ohne konkrete Anhaltspunkte einer Rechtsverletzung nicht zumutbar. B\u1ea1n c\u00f3 th\u1ec3 li\u00ean k\u1ebft v\u1edbi c\u00e1c c\u00f4ng c\u1ee5 t\u00ecm ki\u1ebfm li\u00ean quan \u0111\u1ebfn c\u00e1c li\u00ean k\u1ebft c\u00f3 li\u00ean quan.<\/em><\/p>\n\n\n\n<p class=\"has-ast-global-color-8-color has-text-color\"><strong>Urheberrecht<\/strong><\/p>\n\n\n\n<p class=\"has-ast-global-color-8-color has-text-color\"><em>Die durch die Seitenbetreiber erstellten Inhalte und Werke auf dieen Seiten unterliegen dem deutschen Urheberrecht. Die Vervielf\u00e4ltigung, Bearbeitung, Verbreitung und jede Art der Verwertung au\u00dferhalb der Grenzen des Urheberrechtes bed\u00fcrfen der schriftlichen Zustimmung des jeweiligen Autors bzw. Erstellers. T\u1ea3i xu\u1ed1ng v\u00e0 Kopien dieer Seite sind nur f\u00fcr den Privaten, nicht kommerziellen Gebrauch gestattet.<\/em><\/p>\n\n\n\n<p class=\"has-ast-global-color-8-color has-text-color\"><em>Soweit die Inhalte auf dieer Seite nicht vom Betreiber erstellt wurden, werden die Urheberrechte Dritter beachtet. Insbesondere werden Inhalte Dritter als solche gekennzeichnet. Sollten Sie trotzdem auf eine Urheberrechtsverletzung aufmerksam werden, b\u1ecb c\u1eafn b\u1edfi um einen entsprechenden Hinweis. Bei Bekanntwerden von Rechtsverletzungen werden wir derartige Inhalte umgehend entfernen.<\/em><em>Quellenangabe: <\/em><a href=\"https:\/\/www.e-recht24.de\/\">https:\/\/www.e-recht24.de<\/a><\/p>","protected":false},"excerpt":{"rendered":"<p>Information provided according to \u00a7 5 of the TMG (German Telemedia Act) | Angaben gem\u00e4\u00df \u00a7 5 TMG:SRS Certification GmbHFriedl\u00e4nder Weg 20 |&nbsp;37085 G\u00f6ttingen |&nbsp;Germany Represented by | Vertreten durch:Martina Melapie Contact | Kontakt:T.: +49 551 \/ 89 02 45 42E-Mail: info [at] srscert-global.com Registering court | Registergericht:Amtsgericht G\u00f6ttingen Registration number | Registernummer:HRB 205083 VAT &hellip;<\/p>\n<p class=\"read-more\"> <a class=\"\" href=\"https:\/\/srs-certification.com\/vi\/dau-an\/\"> <span class=\"screen-reader-text\">d\u1ea5u \u1ea5n<\/span> \u0110\u1ecdc th\u00eam &quot;<\/a><\/p>","protected":false},"author":8,"featured_media":0,"parent":0,"menu_order":8,"comment_status":"closed","ping_status":"closed","template":"","meta":{"inline_featured_image":false,"site-sidebar-layout":"default","site-content-layout":"default","ast-global-header-display":"","ast-main-header-display":"","ast-hfb-above-header-display":"","ast-hfb-below-header-display":"","ast-hfb-mobile-header-display":"","site-post-title":"","ast-breadcrumbs-content":"","ast-featured-img":"","footer-sml-layout":"","theme-transparent-header-meta":"","adv-header-id-meta":"","stick-header-meta":"","header-above-stick-meta":"","header-main-stick-meta":"","header-below-stick-meta":"","footnotes":""},"class_list":["post-74","page","type-page","status-publish","hentry"],"_links":{"self":[{"href":"https:\/\/srs-certification.com\/vi\/wp-json\/wp\/v2\/pages\/74","targetHints":{"allow":["GET"]}}],"collection":[{"href":"https:\/\/srs-certification.com\/vi\/wp-json\/wp\/v2\/pages"}],"about":[{"href":"https:\/\/srs-certification.com\/vi\/wp-json\/wp\/v2\/types\/page"}],"author":[{"embeddable":true,"href":"https:\/\/srs-certification.com\/vi\/wp-json\/wp\/v2\/users\/8"}],"replies":[{"embeddable":true,"href":"https:\/\/srs-certification.com\/vi\/wp-json\/wp\/v2\/comments?post=74"}],"version-history":[{"count":6,"href":"https:\/\/srs-certification.com\/vi\/wp-json\/wp\/v2\/pages\/74\/revisions"}],"predecessor-version":[{"id":4882,"href":"https:\/\/srs-certification.com\/vi\/wp-json\/wp\/v2\/pages\/74\/revisions\/4882"}],"wp:attachment":[{"href":"https:\/\/srs-certification.com\/vi\/wp-json\/wp\/v2\/media?parent=74"}],"curies":[{"name":"wp","href":"https:\/\/api.w.org\/{rel}","templated":true}]}}