{"id":4375,"date":"2023-12-20T15:43:29","date_gmt":"2023-12-20T14:43:29","guid":{"rendered":"https:\/\/srs-certification.com\/?page_id=4375"},"modified":"2025-06-16T13:00:37","modified_gmt":"2025-06-16T11:00:37","slug":"%e7%ab%8b%e6%b3%95%e8%80%85","status":"publish","type":"page","link":"https:\/\/srs-certification.com\/zh\/%e8%ae%a4%e8%af%81\/%e7%ab%8b%e6%b3%95%e8%80%85\/","title":{"rendered":"\u6709\u673a\u7ecf\u8425\u8005\u7684\u7acb\u6cd5"},"content":{"rendered":"<h5 class=\"wp-block-heading has-text-align-center\"><strong>\u6839\u636e\u7b2c 2018\/848 \u53f7\u6cd5\u89c4\uff08\u6b27\u76df\uff09\u5bf9\u8fd0\u8425\u5546\u8fdb\u884c\u8ba4\u8bc1\u7684\u76f8\u5173\u7acb\u6cd5<\/strong>:<\/h5>\n\n\n\n<h6 class=\"wp-block-heading has-text-align-center\"><strong>\u53ef\u5411\u6211\u4eec\u7684\u529e\u516c\u5ba4\u7533\u8bf7\u5176\u4ed6\u8bed\u8a00\u7684\u7ffb\u8bd1\u3002<\/strong><\/h6>\n\n\n\n<p><\/p>\n\n\n\n<ul class=\"wp-block-list\">\n<li><strong>\u6709\u673a\u751f\u4ea7\u548c\u6709\u673a\u4ea7\u54c1\u6807\u7b7e\u6761\u4f8b<\/strong> (\u6761\u4f8b\uff08\u6b27\u76df\uff092018\/848 - \u57fa\u672c\u6cd5\uff09<br><a href=\"https:\/\/eur-lex.europa.eu\/legal-content\/EN\/TXT\/PDF\/?uri=CELEX:02018R0848-20241201\">https:\/\/eur-lex.europa.eu\/legal-content\/EN\/TXT\/PDF\/?uri=CELEX:02018R0848-20241201<\/a><\/li>\n\n\n\n<li><strong>\u8ffd\u6eaf\u786e\u8ba4\u8f6c\u6362\u671f<\/strong> (\u59d4\u5458\u4f1a\u5b9e\u65bd\u6761\u4f8b\uff08\u6b27\u76df\uff092020\/464 - \u7b2c 1 \u7ae0\uff09<br><a href=\"https:\/\/eur-lex.europa.eu\/legal-content\/EN\/TXT\/PDF\/?uri=CELEX:02020R0464-20211125\">https:\/\/eur-lex.europa.eu\/legal-content\/EN\/TXT\/PDF\/?uri=CELEX:02020R0464-20211125<\/a><\/li>\n\n\n\n<li><strong>\u707e\u96be\u60c5\u51b5\u4e0b\u7684\u4f8b\u5916\u751f\u4ea7\u89c4\u5219<\/strong> (\u59d4\u5458\u4f1a\u59d4\u6258\u6761\u4f8b\uff08\u6b27\u76df\uff092020\/2146\uff09\u3002<br><a href=\"https:\/\/eur-lex.europa.eu\/legal-content\/EN\/TXT\/PDF\/?uri=CELEX:02020R2146-20240111&amp;qid=1733321056083\">https:\/\/eur-lex.europa.eu\/legal-content\/EN\/TXT\/PDF\/?uri=CELEX:02020R2146-20240111&amp;qid=1733321056083<\/a><\/li>\n\n\n\n<li><strong>\u5173\u4e8e\u5904\u7406\u6d89\u5acc\u8fdd\u89c4\u6848\u4ef6\u548c\u6d89\u53ca\u751f\u4ea7\u8005\u7fa4\u4f53\u7684\u89c4\u5219<\/strong> (\u59d4\u5458\u4f1a\u5b9e\u65bd\u6761\u4f8b (EU) 2021\/279)<br><a href=\"https:\/\/eur-lex.europa.eu\/legal-content\/EN\/TXT\/PDF\/?uri=CELEX:32021R0279\">https:\/\/eur-lex.europa.eu\/legal-content\/EN\/TXT\/PDF\/?uri=CELEX:32021R0279<\/a><\/li>\n\n\n\n<li><strong>\u8ba4\u8bc1\u673a\u6784\u5bf9\u5355\u636e\u8d26\u76ee\u548c\u751f\u4ea7\u8005\u56e2\u4f53\u8fdb\u884c\u68c0\u67e5<\/strong> (\u59d4\u5458\u4f1a\u59d4\u6258\u6761\u4f8b (EU) 2021\/771)<br><a href=\"https:\/\/eur-lex.europa.eu\/legal-content\/EN\/TXT\/PDF\/?uri=CELEX:02021R0771-20210511\">https:\/\/eur-lex.europa.eu\/legal-content\/EN\/TXT\/PDF\/?uri=CELEX:02021R0771-20210511<\/a><\/li>\n\n\n\n<li><strong>\u6388\u6743\u4ea7\u54c1\u548c\u7269\u8d28\u6e05\u5355<\/strong> (\u59d4\u5458\u4f1a\u5b9e\u65bd\u6761\u4f8b (EU) 2021\/1165)<br><a href=\"https:\/\/eur-lex.europa.eu\/legal-content\/EN\/TXT\/HTML\/?uri=CELEX:02021R1165-20231115\">https:\/\/eur-lex.europa.eu\/legal-content\/EN\/TXT\/HTML\/?uri=CELEX:02021R1165-20231115<\/a><\/li>\n\n\n\n<li><strong>\u690d\u7269\u7e41\u6b96\u6750\u6599\u7684\u751f\u4ea7\u548c\u9500\u552e <\/strong>(\u59d4\u5458\u4f1a\u59d4\u6258\u6761\u4f8b (EU) 2021\/1189)<br><a href=\"https:\/\/eur-lex.europa.eu\/legal-content\/EN\/TXT\/PDF\/?uri=CELEX:02021R1189-20220705\">https:\/\/eur-lex.europa.eu\/legal-content\/EN\/TXT\/PDF\/?uri=CELEX:02021R1189-20220705<\/a><\/li>\n\n\n\n<li><strong>\u8981\u6c42\u64cd\u4f5c\u5458\u548c\u64cd\u4f5c\u5458\u5c0f\u7ec4\u63d0\u4f9b\u7684\u8bb0\u5f55<\/strong> (\u59d4\u5458\u4f1a\u5b9e\u65bd\u6761\u4f8b (EU) 2021\/2119)<br><a href=\"https:\/\/eur-lex.europa.eu\/legal-content\/EN\/TXT\/PDF\/?uri=CELEX:02021R2119-20221118\">https:\/\/eur-lex.europa.eu\/legal-content\/EN\/TXT\/PDF\/?uri=CELEX:02021R2119-20221118<\/a><\/li>\n\n\n\n<li><strong>\u5ba0\u7269\u98df\u54c1\u7684\u6807\u7b7e <\/strong>(\u6761\u4f8b\uff08\u6b27\u76df\uff09\u7b2c 2023\/2419 \u53f7\uff09<br><a href=\"https:\/\/eur-lex.europa.eu\/legal-content\/EN\/TXT\/PDF\/?uri=OJ:L_202302419&amp;qid=1701252421924\">https:\/\/eur-lex.europa.eu\/legal-content\/EN\/TXT\/PDF\/?uri=OJ:L_202302419&amp;qid=1701252421924<\/a><\/li>\n<\/ul>\n\n\n\n<p><\/p>\n\n\n\n<h5 class=\"wp-block-heading has-text-align-center\"><strong><strong>\u7b26\u5408\u7b2c 2018\/848 \u53f7\u6b27\u76df\u6307\u4ee4\u7684\u64cd\u4f5c\u5458\u8ba4\u8bc1\u76f8\u5173\u7acb\u6cd5<\/strong><\/strong><\/h5>\n\n\n\n<p><\/p>\n\n\n\n<ul class=\"wp-block-list\">\n<li><strong>\u5173\u4e8e\u751f\u7269\u751f\u4ea7\u548c\u751f\u7269\u4ea7\u54c1\u6807\u7b7e\u7684\u89c4\u5b9a<\/strong> (r\u00e8glement (UE) 2018\/848 - acte de base)<br><a href=\"https:\/\/eur-lex.europa.eu\/legal-content\/FR\/TXT\/PDF\/?uri=CELEX:02018R0848-20241201\" target=\"_blank\" rel=\"noreferrer noopener\">https:\/\/eur-lex.europa.eu\/legal-content\/FR\/TXT\/PDF\/?uri=CELEX:02018R0848-20241201<\/a><\/li>\n\n\n\n<li><strong>\u5bf9\u8f6c\u6362\u5468\u671f\u7684\u91cd\u65b0\u8bc4\u4f30 <\/strong>(r\u00e8glement d'ex\u00e9cution (UE) 2020\/464 de la Commission - chapitre 1)<br><a href=\"https:\/\/eur-lex.europa.eu\/legal-content\/FR\/TXT\/PDF\/?uri=CELEX:02020R0464-20211125\">https:\/\/eur-lex.europa.eu\/legal-content\/FR\/TXT\/PDF\/?uri=CELEX:02020R0464-20211125<\/a><\/li>\n\n\n\n<li><strong>\u707e\u96be\u671f\u95f4\u7684\u7279\u6b8a\u751f\u4ea7\u65b9\u5f0f<\/strong> (r\u00e8glement d\u00e9l\u00e9gu\u00e9 (UE) 2020\/2146 de la Commission)<br><a href=\"https:\/\/eur-lex.europa.eu\/legal-content\/FR\/TXT\/PDF\/?uri=CELEX:02020R2146-20240111&amp;qid=1733321056083\">https:\/\/eur-lex.europa.eu\/legal-content\/FR\/TXT\/PDF\/?uri=CELEX:02020R2146-20240111&amp;qid=1733321056083<\/a><\/li>\n\n\n\n<li><strong>\u5173\u4e8e\u4eba\u5458\u4f24\u4ea1\u548c\u884c\u52a8\u7ec4\u7ba1\u7406\u7684\u89c4\u5b9a<\/strong> (r\u00e8glement d'ex\u00e9cution (UE) 2021\/279 de la Commission)<br><a href=\"https:\/\/eur-lex.europa.eu\/legal-content\/FR\/TXT\/PDF\/?uri=CELEX:02021R0279-20210223\">https:\/\/eur-lex.europa.eu\/legal-content\/FR\/TXT\/PDF\/?uri=CELEX:02021R0279-20210223<\/a><\/li>\n\n\n\n<li><strong>\u8ba4\u8bc1\u673a\u6784\u5bf9\u6587\u4ef6\u548c\u64cd\u4f5c\u5458\u5c0f\u7ec4\u7684\u68c0\u67e5 <\/strong>(r\u00e8glement d\u00e9l\u00e9gu\u00e9 (UE) 2021\/771 de la Commission)<br><a href=\"https:\/\/eur-lex.europa.eu\/legal-content\/FR\/TXT\/PDF\/?uri=CELEX:02021R0771-20210511\">https:\/\/eur-lex.europa.eu\/legal-content\/FR\/TXT\/PDF\/?uri=CELEX:02021R0771-20210511<\/a><\/li>\n\n\n\n<li><strong>\u4ea7\u54c1\u548c\u6388\u6743\u7269\u8d28\u6e05\u5355<\/strong> (r\u00e8glement d'ex\u00e9cution (UE) 2021\/1165 de la Commission)<br><a href=\"https:\/\/eur-lex.europa.eu\/legal-content\/FR\/TXT\/HTML\/?uri=CELEX:02021R1165-20231115\">https:\/\/eur-lex.europa.eu\/legal-content\/FR\/TXT\/HTML\/?uri=CELEX:02021R1165-20231115<\/a><\/li>\n\n\n\n<li><strong>\u751f\u7269\u7e41\u6b96\u6750\u6599\u7684\u751f\u4ea7\u548c\u5546\u4e1a\u5316 <\/strong>(r\u00e8glement d\u00e9l\u00e9gu\u00e9 (UE) 2021\/1189 de la Commission)<br><a href=\"https:\/\/eur-lex.europa.eu\/legal-content\/FR\/TXT\/PDF\/?uri=CELEX:02021R1189-20220705\">https:\/\/eur-lex.europa.eu\/legal-content\/FR\/TXT\/PDF\/?uri=CELEX:02021R1189-20220705<\/a><\/li>\n\n\n\n<li><strong>\u64cd\u4f5c\u5458\u548c\u64cd\u4f5c\u5458\u56e2\u4f53\u5fc5\u987b\u8fdb\u884c\u7684\u767b\u8bb0<\/strong> (r\u00e8glement d'ex\u00e9cution (UE) 2021\/2119 de la Commission)<br><a href=\"https:\/\/eur-lex.europa.eu\/legal-content\/FR\/TXT\/PDF\/?uri=CELEX:02021R2119-20221118\">https:\/\/eur-lex.europa.eu\/legal-content\/FR\/TXT\/PDF\/?uri=CELEX:02021R2119-20221118<\/a><\/li>\n\n\n\n<li><strong>\u5bb6\u5ead\u52a8\u7269\u98df\u54c1\u6807\u7b7e <\/strong>(r\u00e8glement (UE) 2023\/2419)<br><a href=\"https:\/\/eur-lex.europa.eu\/legal-content\/FR\/TXT\/PDF\/?uri=OJ:L_202302419&amp;qid=1701252475827\">https:\/\/eur-lex.europa.eu\/legal-content\/FR\/TXT\/PDF\/?uri=OJ:L_202302419&amp;qid=1701252475827<\/a><\/li>\n<\/ul>\n\n\n\n<p><\/p>\n\n\n\n<h5 class=\"wp-block-heading has-text-align-center\"><strong>\u7b26\u5408\uff08\u6b27\u76df\uff092018\/848 \u53f7\u6cd5\u89c4\u7684\u8fd0\u8425\u5546\u8ba4\u8bc1\u76f8\u5173\u6587\u4ef6 - \u4e2d\u6587\u7ffb\u8bd1<\/strong><\/h5>\n\n\n\n<p><\/p>\n\n\n\n<h5 class=\"wp-block-heading has-text-align-center\"><strong>1.<\/strong> <strong>\u76f8\u5173\u7acb\u6cd5\u6458\u5f55<\/strong><\/h5>\n\n\n\n<p><\/p>\n\n\n\n<p class=\"has-text-align-center\"><strong>\u8bf7\u6ce8\u610f\uff1a <\/strong>\u6240\u63d0\u4f9b\u7684\u8bd1\u6587\u5e76\u975e\u5b98\u65b9\u8bd1\u6587\uff0c\u4ec5\u4f9b\u53c2\u8003\u3002 <br>\u82f1\u6587\u539f\u6587\u4e0e\u4e2d\u6587\u8bd1\u6587\u5982\u6709\u6b67\u4e49\uff0c\u4ee5\u82f1\u6587\u672c\u4e3a\u51c6\u3002<\/p>\n\n\n\n<p><strong>\u9002\u7528\u4e8e\u6240\u6709\u8fd0\u8425\u5546\u7684\u751f\u4ea7\u89c4\u5219 - \u7b2c 2018\/848 \u53f7\u6cd5\u89c4\uff08\u6b27\u76df\uff09\uff0c\u7b2c III \u7ae0\u548c\u9644\u4ef6 III<\/strong><\/p>\n\n\n\n<ul class=\"wp-block-list\">\n<li><a href=\"https:\/\/srs-certification.com\/wp-content\/uploads\/2024\/03\/2018-848-General-production-rules-art-9-11.pdf\" target=\"_blank\" rel=\"noreferrer noopener\">\u4e00\u822c\u751f\u4ea7\u89c4\u5219\u3001\u8f6c\u57fa\u56e0\u751f\u7269\u7684\u8f6c\u6362\u548c\u7981\u6b62\u4f7f\u7528\uff08\u7b2c 9-11 \u6761\uff09<\/a><\/li>\n\n\n\n<li><a href=\"https:\/\/srs-certification.com\/wp-content\/uploads\/2024\/03\/2018-848-art-27-and-28.pdf\" target=\"_blank\" rel=\"noreferrer noopener\">\u5728\u6000\u7591\u6709\u4e0d\u7b26\u5408\u89c4\u5b9a\u60c5\u51b5\u4e0b\u7684\u4e49\u52a1\u548c\u884c\u52a8\uff0c\u4ee5\u53ca\u907f\u514d\u51fa\u73b0\u975e\u6388\u6743\u4ea7\u54c1\u548c\u7269\u8d28\u7684\u9884\u9632\u63aa\u65bd\uff08\u7b2c 27 \u548c 28 \u6761\uff09<\/a><\/li>\n\n\n\n<li><a href=\"https:\/\/srs-certification.com\/wp-content\/uploads\/2024\/03\/2018-848-Collection-packaging-transport-storage.pdf\" target=\"_blank\" rel=\"noreferrer noopener\">\u4ea7\u54c1\u7684\u6536\u96c6\u3001\u5305\u88c5\u3001\u8fd0\u8f93\u548c\u50a8\u5b58\uff08\u9644\u4ef6 III\uff09<\/a><\/li>\n<\/ul>\n\n\n\n<p><\/p>\n\n\n\n<p><strong>\u751f\u4ea7\u7ec6\u5219 - \u7b2c 2018\/848 \u53f7\u6761\u4f8b\uff08\u6b27\u76df\uff09\uff0c\u9644\u4ef6 II\uff08\u53ca\u7b2c 12-19 \u6761\uff09<\/strong><\/p>\n\n\n\n<ul class=\"wp-block-list\">\n<li><a href=\"https:\/\/srs-certification.com\/wp-content\/uploads\/2024\/03\/2018-848-Production-rules-crops.pdf\" target=\"_blank\" rel=\"noreferrer noopener\">\u690d\u7269\u751f\u4ea7\u89c4\u5219\uff08\u7b2c\u4e00\u90e8\u5206\uff09<\/a><\/li>\n\n\n\n<li><a href=\"https:\/\/srs-certification.com\/wp-content\/uploads\/2024\/03\/2018-848-Production-rules-food-processing.pdf\" target=\"_blank\" rel=\"noreferrer noopener\">\u52a0\u5de5\u98df\u54c1\u751f\u4ea7\u89c4\u5219\uff08\u7b2c IV \u90e8\u5206\uff09<\/a><\/li>\n\n\n\n<li><a href=\"https:\/\/srs-certification.com\/wp-content\/uploads\/2024\/03\/2018-848-Production-rules-feed.pdf\" target=\"_blank\" rel=\"noreferrer noopener\">\u52a0\u5de5\u9972\u6599\u751f\u4ea7\u89c4\u5219\uff08\u7b2c V \u90e8\u5206\uff09<\/a><\/li>\n\n\n\n<li><a href=\"https:\/\/srs-certification.com\/wp-content\/uploads\/2024\/03\/2018-848-Production-rules-wine.pdf\" target=\"_blank\" rel=\"noreferrer noopener\">\u8461\u8404\u9152\uff08\u7b2c\u516d\u90e8\u5206\uff09<\/a><\/li>\n\n\n\n<li><a href=\"https:\/\/srs-certification.com\/wp-content\/uploads\/2024\/03\/2018-848-Production-rules-yeast.pdf\" target=\"_blank\" rel=\"noreferrer noopener\">\u7528\u4f5c\u98df\u54c1\u6216\u9972\u6599\u7684\u9175\u6bcd\uff08\u7b2c\u4e03\u90e8\u5206\uff09<\/a><\/li>\n<\/ul>\n\n\n\n<p><\/p>\n\n\n\n<p><strong>\u6388\u6743\u4ea7\u54c1\u548c\u7269\u8d28\u6e05\u5355 - \u6b27\u76df\u59d4\u5458\u4f1a\u5b9e\u65bd\u6761\u4f8b\uff08EU\uff092021\/1165\uff0c\u9644\u4ef6 I - III \u548c V&nbsp;<\/strong><\/p>\n\n\n\n<ul class=\"wp-block-list\">\n<li><a href=\"https:\/\/srs-certification.com\/wp-content\/uploads\/2024\/03\/2021-1165-Inputs-plant-protection-\u6295\u5165\u54c1-\u690d\u4fdd\u4ea7\u54c1.pdf\" target=\"_blank\" rel=\"noreferrer noopener\">\u690d\u7269\u4fdd\u62a4\u4ea7\u54c1\u4e2d\u7684\u6d3b\u6027\u7269\u8d28\uff08\u9644\u4ef6\u4e00\uff09<\/a><\/li>\n\n\n\n<li><a href=\"https:\/\/srs-certification.com\/wp-content\/uploads\/2024\/03\/2021-1165-Inputs-fertilizers-\u6295\u5165\u54c1-\u80a5\u6599.pdf\" target=\"_blank\" rel=\"noreferrer noopener\">\u80a5\u6599\u3001\u571f\u58e4\u6539\u826f\u5242\u548c\u517b\u5206\uff08\u9644\u4ef6\u4e8c\uff09<\/a><\/li>\n\n\n\n<li><a href=\"https:\/\/srs-certification.com\/wp-content\/uploads\/2024\/03\/2021-1165-Inputs-feed-\u6295\u5165\u54c1-\u9972\u6599.pdf\" target=\"_blank\" rel=\"noreferrer noopener\">\u7528\u4f5c\u9972\u6599\u6216\u7528\u4e8e\u9972\u6599\u751f\u4ea7\u7684\u4ea7\u54c1\u548c\u7269\u8d28\uff08\u9644\u4ef6 III\uff09<\/a><\/li>\n\n\n\n<li><a href=\"https:\/\/srs-certification.com\/wp-content\/uploads\/2024\/03\/2021-1165-Inputs-food-additives-and-processing-aids-\u6295\u5165\u54c1-\u98df\u54c1\u6dfb\u52a0\u5242\u548c\u52a0\u5de5\u52a9\u5242.pdf\" target=\"_blank\" rel=\"noreferrer noopener\">\u7528\u4e8e\u751f\u4ea7\u52a0\u5de5\u6709\u673a\u98df\u54c1\u7684\u4ea7\u54c1\u548c\u7269\u8d28\uff08\u9644\u4ef6 V\uff0cA \u90e8\u5206\u548c B \u90e8\u5206\uff09<\/a><\/li>\n\n\n\n<li><a href=\"https:\/\/srs-certification.com\/wp-content\/uploads\/2024\/03\/2021-1165-Inputs-yeast-\u6295\u5165\u54c1-\u9175\u6bcd.pdf\" target=\"_blank\" rel=\"noreferrer noopener\">\u7528\u4e8e\u751f\u4ea7\u98df\u54c1\u6216\u9972\u6599\u9175\u6bcd\u7684\u4ea7\u54c1\u548c\u7269\u8d28\uff08\u9644\u4ef6 V\uff0cC \u90e8\u5206\uff09<\/a><\/li>\n\n\n\n<li><a href=\"https:\/\/srs-certification.com\/wp-content\/uploads\/2024\/03\/2021-1165-Inputs-wine-\u6295\u5165\u54c1-\u9152\u7c7b.pdf\" target=\"_blank\" rel=\"noreferrer noopener\">\u7528\u4e8e\u751f\u4ea7\u548c\u4fdd\u62a4\u6709\u673a\u8461\u8404\u4ea7\u54c1\u7684\u4ea7\u54c1\u548c\u7269\u8d28\uff08\u9644\u4ef6 V\uff0cD \u90e8\u5206\uff09<\/a><\/li>\n<\/ul>\n\n\n\n<p><\/p>\n\n\n\n<p><strong>\u5176\u4ed6 - \u7b2c 2018\/848 \u53f7\u6761\u4f8b\uff08\u6b27\u76df<\/strong><\/p>\n\n\n\n<ul class=\"wp-block-list\">\n<li><a href=\"https:\/\/srs-certification.com\/wp-content\/uploads\/2024\/03\/2018-848-Production-rules-marketing-PPM-art-13.pdf\" target=\"_blank\" rel=\"noreferrer noopener\">\u9500\u552e\u6709\u673a\u5f02\u8d28\u6750\u6599\u7684\u690d\u7269\u7e41\u6b96\u6750\u6599\u7684\u5177\u4f53\u89c4\u5b9a\uff08\u7b2c 13 \u6761\uff09<\/a><\/li>\n\n\n\n<li><a href=\"https:\/\/srs-certification.com\/wp-content\/uploads\/2024\/03\/2018-848-Production-rules-others-art-21.pdf\" target=\"_blank\" rel=\"noreferrer noopener\">\u4e0d\u5c5e\u4e8e\u7b2c 12 \u81f3 19 \u6761\u6240\u8ff0\u4ea7\u54c1\u7c7b\u522b\u7684\u4ea7\u54c1\u7684\u751f\u4ea7\u89c4\u5219\uff08\u7b2c 21 \u6761\uff09<\/a><\/li>\n\n\n\n<li><a href=\"https:\/\/srs-certification.com\/wp-content\/uploads\/2024\/03\/2018-848-Labelling-\u6807\u8bc6.pdf\" target=\"_blank\" rel=\"noreferrer noopener\">\u6807\u7b7e\uff08\u7b2c\u56db\u7ae0\uff09<\/a><\/li>\n\n\n\n<li><a href=\"https:\/\/srs-certification.com\/wp-content\/uploads\/2024\/03\/2018-848-Group-of-operators-\u64cd\u4f5c\u8005\u56e2\u4f53.pdf\" target=\"_blank\" rel=\"noreferrer noopener\">\u7ecf\u8425\u8005\u96c6\u56e2\uff08\u7b2c 36 \u6761\uff09<\/a><\/li>\n<\/ul>\n\n\n\n<p><\/p>\n\n\n\n<p class=\"has-text-align-center\"><\/p>\n\n\n\n<h5 class=\"gb-headline gb-headline-8c34c0ca gb-headline-text\"><strong>2.\u5176\u4ed6\u6587\u4ef6<\/strong><\/h5>\n\n\n\n<p><\/p>\n\n\n\n<ul class=\"wp-block-list\">\n<li><a href=\"https:\/\/srs-certification.com\/wp-content\/uploads\/2025\/06\/ORG-N-Ti2-Steps-for-Organic-Certification-2025-06-03z.pdf\" target=\"_blank\" rel=\"noreferrer noopener\">\u63a7\u5236\u63aa\u65bd - ORG-N-Ti2 \u6709\u673a\u8ba4\u8bc1\u6b65\u9aa4\uff08SRS \u6587\u4ef6\uff09<\/a><\/li>\n<\/ul>\n\n\n\n<p><\/p>\n\n\n\n<h5 class=\"wp-block-heading has-text-align-center\"><strong>\u7b26\u5408\u7b2c 2018\/848 \u53f7\u6cd5\u89c4\uff08\u6b27\u76df\uff09\u7684\u8fd0\u8425\u5546\u8ba4\u8bc1\u76f8\u5173\u6587\u4ef6 - \u571f\u8033\u5176\u8bed\u8bd1\u6587<\/strong><\/h5>\n\n\n\n<p><\/p>\n\n\n\n<h5 class=\"wp-block-heading has-text-align-center\"><strong>1.\u76f8\u5173\u7acb\u6cd5\u6458\u5f55<\/strong><\/h5>\n\n\n\n<p><\/p>\n\n\n\n<p class=\"has-text-align-center\"><strong>\u8bf7\u6ce8\u610f\uff1a <\/strong>\u6240\u63d0\u4f9b\u7684\u8bd1\u6587\u5e76\u975e\u5b98\u65b9\u8bd1\u6587\uff0c\u4ec5\u4f9b\u53c2\u8003\u3002 <br>\u82f1\u6587\u539f\u6587\u4e0e\u571f\u8033\u5176\u6587\u8bd1\u6587\u4e4b\u95f4\u5982\u6709\u6b67\u4e49\uff0c\u4ee5\u82f1\u6587\u672c\u4e3a\u51c6\u3002<\/p>\n\n\n\n<p><strong>\u9002\u7528\u4e8e\u6240\u6709\u8fd0\u8425\u5546\u7684\u751f\u4ea7\u89c4\u5219 - \u7b2c 2018\/848 \u53f7\u6cd5\u89c4\uff08\u6b27\u76df\uff09\uff0c\u7b2c III \u7ae0\u548c\u9644\u4ef6 III<\/strong><\/p>\n\n\n\n<ul class=\"wp-block-list\">\n<li><a href=\"https:\/\/srs-certification.com\/wp-content\/uploads\/2024\/05\/2018-848-General-production-rules-art-9-11-tr.pdf\">\u4e00\u822c\u751f\u4ea7\u89c4\u5219\u3001\u8f6c\u57fa\u56e0\u751f\u7269\u7684\u8f6c\u6362\u548c\u7981\u6b62\u4f7f\u7528\uff08\u7b2c 9-11 \u6761\uff09<\/a><\/li>\n\n\n\n<li><a href=\"https:\/\/srs-certification.com\/wp-content\/uploads\/2024\/05\/2018-848-Suspicion-precautionary-measures-tr.pdf\" data-type=\"link\" data-id=\"https:\/\/srs-certification.com\/wp-content\/uploads\/2024\/05\/2018-848-Suspicion-precautionary-measures-tr.pdf\">\u5728\u6000\u7591\u6709\u4e0d\u7b26\u5408\u89c4\u5b9a\u60c5\u51b5\u4e0b\u7684\u4e49\u52a1\u548c\u884c\u52a8\uff0c\u4ee5\u53ca\u907f\u514d\u51fa\u73b0\u975e\u6388\u6743\u4ea7\u54c1\u548c\u7269\u8d28\u7684\u9884\u9632\u63aa\u65bd\uff08\u7b2c 27 \u548c 28 \u6761\uff09<\/a><\/li>\n\n\n\n<li><a href=\"https:\/\/srs-certification.com\/wp-content\/uploads\/2024\/05\/2018-848-Collection-packaging-transport-storage-tr.pdf\">\u4ea7\u54c1\u7684\u6536\u96c6\u3001\u5305\u88c5\u3001\u8fd0\u8f93\u548c\u50a8\u5b58\uff08\u9644\u4ef6 III\uff09<\/a><\/li>\n<\/ul>\n\n\n\n<p><\/p>\n\n\n\n<p><strong>\u751f\u4ea7\u7ec6\u5219 - \u7b2c 2018\/848 \u53f7\u6761\u4f8b\uff08\u6b27\u76df\uff09\uff0c\u9644\u4ef6 II\uff08\u53ca\u7b2c 12-19 \u6761\uff09<\/strong><\/p>\n\n\n\n<ul class=\"wp-block-list\">\n<li>\u690d\u7269\u751f\u4ea7\u89c4\u5219\uff08\u7b2c\u4e00\u90e8\u5206\uff09<br><a href=\"https:\/\/srs-certification.com\/wp-content\/uploads\/2024\/05\/2018-848-Production-rules-crops-tr.pdf\">https:\/\/srs-certification.com\/wp-content\/uploads\/2024\/05\/2018-848-Production-rules-crops-tr.pdf<\/a><\/li>\n\n\n\n<li>\u52a0\u5de5\u98df\u54c1\u751f\u4ea7\u89c4\u5219\uff08\u7b2c IV \u90e8\u5206\uff09<br><a href=\"https:\/\/srs-certification.com\/wp-content\/uploads\/2024\/05\/2018-848-Production-rules-food-processing-tr.pdf\">https:\/\/srs-certification.com\/wp-content\/uploads\/2024\/05\/2018-848-Production-rules-food-processing-tr.pdf<\/a><\/li>\n\n\n\n<li>\u52a0\u5de5\u9972\u6599\u751f\u4ea7\u89c4\u5219\uff08\u7b2c V \u90e8\u5206\uff09<br><a href=\"https:\/\/srs-certification.com\/wp-content\/uploads\/2024\/03\/2018-848-Production-rules-feed.pdf\">https:\/\/srs-certification.com\/wp-content\/uploads\/2024\/03\/2018-848-Production-rules-feed.pdf<\/a><\/li>\n\n\n\n<li>\u8461\u8404\u9152\uff08\u7b2c\u516d\u90e8\u5206\uff09<br><a href=\"https:\/\/srs-certification.com\/wp-content\/uploads\/2024\/03\/2018-848-Production-rules-wine.pdf\">https:\/\/srs-certification.com\/wp-content\/uploads\/2024\/03\/2018-848-Production-rules-wine.pdf<\/a><\/li>\n\n\n\n<li>\u7528\u4f5c\u98df\u54c1\u6216\u9972\u6599\u7684\u9175\u6bcd\uff08\u7b2c\u4e03\u90e8\u5206\uff09<br><a href=\"https:\/\/srs-certification.com\/wp-content\/uploads\/2024\/03\/2018-848-Production-rules-yeast.pdf\">https:\/\/srs-certification.com\/wp-content\/uploads\/2024\/03\/2018-848-Production-rules-yeast.pdf<\/a><\/li>\n<\/ul>\n\n\n\n<p><\/p>\n\n\n\n<p><strong>\u6388\u6743\u4ea7\u54c1\u548c\u7269\u8d28\u6e05\u5355 - \u6b27\u76df\u59d4\u5458\u4f1a\u5b9e\u65bd\u6761\u4f8b\uff08EU\uff092021\/1165\uff0c\u9644\u4ef6 I - III \u548c V&nbsp;<\/strong><\/p>\n\n\n\n<ul class=\"wp-block-list\">\n<li>\u690d\u7269\u4fdd\u62a4\u4ea7\u54c1\u4e2d\u7684\u6d3b\u6027\u7269\u8d28\uff08\u9644\u4ef6\u4e00\uff09<br><a href=\"https:\/\/srs-certification.com\/wp-content\/uploads\/2024\/07\/2021-1165-Inputs-fertilizers.pdf\">https:\/\/srs-certification.com\/wp-content\/uploads\/2024\/03\/2021-1165-Inputs-plant-protection<\/a>.pdf<\/li>\n\n\n\n<li>\u80a5\u6599\u3001\u571f\u58e4\u6539\u826f\u5242\u548c\u517b\u5206\uff08\u9644\u4ef6\u4e8c\uff09<br><a href=\"https:\/\/srs-certification.com\/wp-content\/uploads\/2024\/03\/2021-1165-Inputs-fertilizers.pdf\">https:\/\/srs-certification.com\/wp-content\/uploads\/2024\/03\/2021-1165-Inputs-fertilizers.pdf<\/a><\/li>\n\n\n\n<li>\u7528\u4f5c\u9972\u6599\u6216\u7528\u4e8e\u9972\u6599\u751f\u4ea7\u7684\u4ea7\u54c1\u548c\u7269\u8d28\uff08\u9644\u4ef6 III\uff09<br><a href=\"https:\/\/srs-certification.com\/wp-content\/uploads\/2024\/03\/2021-1165-Inputs-feed.pdf\">https:\/\/srs-certification.com\/wp-content\/uploads\/2024\/03\/2021-1165-Inputs-feed.pdf<\/a><\/li>\n\n\n\n<li>\u7528\u4e8e\u751f\u4ea7\u52a0\u5de5\u6709\u673a\u98df\u54c1\u7684\u4ea7\u54c1\u548c\u7269\u8d28\uff08\u9644\u4ef6 V\uff0cA \u90e8\u5206\u548c B \u90e8\u5206\uff09<br><a href=\"https:\/\/srs-certification.com\/wp-content\/uploads\/2024\/03\/2021-1165-Inputs-food-additives-and-processing-aids.pdf\">https:\/\/srs-certification.com\/wp-content\/uploads\/2024\/03\/2021-1165-Inputs-food-additives-and-processing-aids.pdf<\/a><\/li>\n\n\n\n<li>\u7528\u4e8e\u751f\u4ea7\u98df\u54c1\u6216\u9972\u6599\u9175\u6bcd\u7684\u4ea7\u54c1\u548c\u7269\u8d28\uff08\u9644\u4ef6 V\uff0cC \u90e8\u5206\uff09<br><a href=\"https:\/\/srs-certification.com\/wp-content\/uploads\/2024\/03\/2021-1165-Inputs-yeast.pdf\">https:\/\/srs-certification.com\/wp-content\/uploads\/2024\/03\/2021-1165-Inputs-yeast.pdf<\/a><\/li>\n\n\n\n<li>\u7528\u4e8e\u751f\u4ea7\u548c\u4fdd\u62a4\u6709\u673a\u8461\u8404\u4ea7\u54c1\u7684\u4ea7\u54c1\u548c\u7269\u8d28\uff08\u9644\u4ef6 V\uff0cD \u90e8\u5206\uff09<br><a href=\"https:\/\/srs-certification.com\/wp-content\/uploads\/2024\/03\/2021-1165-Inputs-wine.pdf\">https:\/\/srs-certification.com\/wp-content\/uploads\/2024\/03\/2021-1165-Inputs-wine.pdf<\/a><\/li>\n<\/ul>\n\n\n\n<p><\/p>\n\n\n\n<p><strong>\u5176\u4ed6 - \u7b2c 2018\/848 \u53f7\u6761\u4f8b\uff08\u6b27\u76df<\/strong><\/p>\n\n\n\n<ul class=\"wp-block-list\">\n<li><a href=\"https:\/\/srs-certification.com\/wp-content\/uploads\/2024\/03\/2018-848-Production-rules-marketing-PPM-art-13.pdf\">\u9500\u552e\u6709\u673a\u5f02\u8d28\u6750\u6599\u7684\u690d\u7269\u7e41\u6b96\u6750\u6599\u7684\u5177\u4f53\u89c4\u5b9a\uff08\u7b2c 13 \u6761\uff09<\/a><\/li>\n\n\n\n<li><a href=\"https:\/\/srs-certification.com\/wp-content\/uploads\/2024\/03\/2018-848-Production-rules-others-art-21.pdf\">\u4e0d\u5c5e\u4e8e\u7b2c 12 \u81f3 19 \u6761\u6240\u8ff0\u4ea7\u54c1\u7c7b\u522b\u7684\u4ea7\u54c1\u7684\u751f\u4ea7\u89c4\u5219\uff08\u7b2c 21 \u6761\uff09<\/a><\/li>\n\n\n\n<li><a href=\"https:\/\/srs-certification.com\/wp-content\/uploads\/2024\/05\/2018-848-Labelling-tr.pdf\">\u6807\u7b7e\uff08\u7b2c\u56db\u7ae0\uff09<\/a><\/li>\n\n\n\n<li><a href=\"https:\/\/srs-certification.com\/wp-content\/uploads\/2024\/03\/2018-848-Group-of-operators.pdf\">\u7ecf\u8425\u8005\u96c6\u56e2\uff08\u7b2c 36 \u6761\uff09<\/a><\/li>\n<\/ul>\n\n\n\n<p><\/p>\n\n\n\n<h5 class=\"wp-block-heading has-text-align-center\"><strong>2.\u5176\u4ed6\u6587\u4ef6<\/strong><\/h5>\n\n\n\n<p><\/p>\n\n\n\n<ul class=\"wp-block-list\">\n<li><a href=\"https:\/\/srs-certification.com\/wp-content\/uploads\/2025\/06\/ORG-N-Ti2-Steps-for-Organic-Certification-2025-06-03.pdf\">\u63a7\u5236\u63aa\u65bd - ORG-N-Ti2 \u6709\u673a\u8ba4\u8bc1\u6b65\u9aa4\uff08SRS \u6587\u4ef6\uff09<\/a><\/li>\n<\/ul>\n\n\n\n<p><\/p>\n\n\n\n<p class=\"has-text-align-center\"><strong>\u53ef\u5411\u6211\u4eec\u7684\u529e\u516c\u5ba4\u7533\u8bf7\u5176\u4ed6\u8bed\u8a00\u7684\u7ffb\u8bd1\u3002<\/strong><\/p>\n\n\n\n<p><\/p>","protected":false},"excerpt":{"rendered":"<p>Relevant Legislation for Certification of Operators in Compliance with Regulation (EU) 2018\/848: Translations into other languages may be requested from our office. L\u00e9gislation pertinente pour la certification d\u2019op\u00e9rateurs conform\u00e9ment au r\u00e8glement (UE) 2018\/848 Relevant Documents for Certification of Operators in Compliance with Regulation (EU) 2018\/848 \u2013 Chinese Translations 1. Extracts of Relevant Legislation Note: Provided \u2026<\/p>\n<p class=\"read-more\"> <a class=\"\" href=\"https:\/\/srs-certification.com\/zh\/%e8%ae%a4%e8%af%81\/%e7%ab%8b%e6%b3%95%e8%80%85\/\"> <span class=\"screen-reader-text\">\u6709\u673a\u7ecf\u8425\u8005\u7684\u7acb\u6cd5<\/span> \u9605\u8bfb\u66f4\u591a \"<\/a><\/p>","protected":false},"author":2,"featured_media":0,"parent":53,"menu_order":2,"comment_status":"closed","ping_status":"closed","template":"","meta":{"inline_featured_image":false,"site-sidebar-layout":"default","site-content-layout":"default","ast-global-header-display":"","ast-main-header-display":"","ast-hfb-above-header-display":"","ast-hfb-below-header-display":"","ast-hfb-mobile-header-display":"","site-post-title":"","ast-breadcrumbs-content":"","ast-featured-img":"","footer-sml-layout":"","theme-transparent-header-meta":"","adv-header-id-meta":"","stick-header-meta":"","header-above-stick-meta":"","header-main-stick-meta":"","header-below-stick-meta":"","footnotes":""},"class_list":["post-4375","page","type-page","status-publish","hentry"],"_links":{"self":[{"href":"https:\/\/srs-certification.com\/zh\/wp-json\/wp\/v2\/pages\/4375","targetHints":{"allow":["GET"]}}],"collection":[{"href":"https:\/\/srs-certification.com\/zh\/wp-json\/wp\/v2\/pages"}],"about":[{"href":"https:\/\/srs-certification.com\/zh\/wp-json\/wp\/v2\/types\/page"}],"author":[{"embeddable":true,"href":"https:\/\/srs-certification.com\/zh\/wp-json\/wp\/v2\/users\/2"}],"replies":[{"embeddable":true,"href":"https:\/\/srs-certification.com\/zh\/wp-json\/wp\/v2\/comments?post=4375"}],"version-history":[{"count":9,"href":"https:\/\/srs-certification.com\/zh\/wp-json\/wp\/v2\/pages\/4375\/revisions"}],"predecessor-version":[{"id":4754,"href":"https:\/\/srs-certification.com\/zh\/wp-json\/wp\/v2\/pages\/4375\/revisions\/4754"}],"up":[{"embeddable":true,"href":"https:\/\/srs-certification.com\/zh\/wp-json\/wp\/v2\/pages\/53"}],"wp:attachment":[{"href":"https:\/\/srs-certification.com\/zh\/wp-json\/wp\/v2\/media?parent=4375"}],"curies":[{"name":"wp","href":"https:\/\/api.w.org\/{rel}","templated":true}]}}